{"id":35751,"date":"2026-03-13T17:59:21","date_gmt":"2026-03-13T21:59:21","guid":{"rendered":"https:\/\/www.fontainebleau.com\/miamibeach\/?page_id=35751"},"modified":"2026-03-13T17:59:21","modified_gmt":"2026-03-13T21:59:21","slug":"spring-paradise","status":"publish","type":"page","link":"https:\/\/www.fontainebleau.com\/miamibeach\/pt\/spring-paradise\/","title":{"rendered":"Spring Paradise"},"content":{"rendered":"<div id=\"cms-block-69d23eb01938a5.40476296\" class=\"cms-block cms-block-element\">\n    <div class=\"breadcrumbBig\">\n  <div class=\"breadcrumb-container forDesktop whiteFont gradientOn\">  \n    <nav class=\"breadcrumb breadcrumbBlock gtmBreadcrumb\" aria-label=\"breadcrumb.label\"><\/nav>\n    <\/div>\n  <div class=\"breadcrumb-container forMobile a11y-hidden whiteFont gradientOn\"><nav class=\"breadcrumb breadcrumbBlock gtmBreadcrumb\" aria-label=\"breadcrumb.label\"><\/nav><\/div>\n <\/div>\n<\/div>\n\n\n<div id=\"cms-block-69d1d99f7dc925.52201050\" class=\"cms-block cms-block-element\">\n                 <div class=\"heroBanner default-animation-nomov heroBanner--C1-A\">\n                \n        <div class=\"heroBanner__inner\">\n                            <div class=\"heroBanner__inner--gradient\"><\/div>\n                                    <div class=\"background-image \">\n                        <img decoding=\"async\" class=\"lazyImg\" src=\"\" data-src=\"https:\/\/www.fontainebleau.com\/uploads\/2025\/09\/Special-Offer-at-Fontainebleau-Miami-Beach_Pre-Pay-and-Save-scaled.jpg\" alt=\"\" \/>\n                    <\/div>\n                                                                \n                            \n            <div class=\"contentTop\">\n                            <h1>\n                    <span class=\"mediumHeading-2\"><\/span>\n                    <span class=\"largeHeading-2\">Spring Paradise <\/span>\n                <\/h1>\n                        <\/div>\n\n        <\/div>\n\n                <div class=\"contentBottom\">\n            \n                            <h6 class=\"titleSmall\">SONHE ACORDADO COM SEU AMOR DE PRIMAVERA<\/h6>\n                        <p class=\"boldBody\">Planeje a viagem perfeita de primavera para o ic\u00f4nico Fontainebleau Miami Beach \u2013 \u00e9 a \u00e9poca ideal do ano para sua viagem! Passe seus dias com os p\u00e9s na areia ou em nosso amplo terra\u00e7o ensolarado com piscina e suas noites desfrutando jantares requintados e entretenimento. Voc\u00ea est\u00e1 convidado a entrar em um mundo onde voc\u00ea \u00e9 livre para se divertir, fazer compras, jantar, ir ao spa ou simplesmente relaxar \u2013 seja qual for a sua defini\u00e7\u00e3o de um dia perfeito.<\/p>\n\n                        <div class=\"multiButtons\">\n                                                                            <a href=\"https:\/\/be.synxis.com\/?adult=1&amp;arrive=2026-03-12&amp;chain=5321&amp;child=0&amp;currency=USD&amp;depart=2026-03-16&amp;hotel=12476&amp;level=hotel&amp;locale=en-US&amp;productcurrency=USD&amp;promo=SPRINGP&amp;rooms=1\" class=\"primary--btn\" rel=\"nofollow\" target = \"_blank\">Reserve j\u00e1<\/a>\n        \n            <\/div>\n                    <\/div>\n        \n                \n    <\/div>\n<\/div>\n\n\n<div id=\"cms-block-69d1d99f7e3d16.63173374\" class=\"cms-block cms-block-element\">\n        <div class=\"overlappingBgContainer\" style=\"background-image: url();\">\n        <div class=\"overlappingContainer\">\n            <div class=\"imageWrapper__C28-D\">\n                                    <div class=\"imageContainer\">\n                        <picture class=\"imageLarge forDesktop\"><img decoding=\"async\" class=\"lazyImg\" src=\"\" data-src=\"https:\/\/www.fontainebleau.com\/uploads\/2025\/07\/Fontainebleau-Miami-Beach-Cabanas-scaled.jpg\" alt=\"Cabanas &#038; Poolscape at Fontainebleau Miami Beach\" \/><\/picture>\n                        <picture class=\"imageSmall forDesktop\"><img decoding=\"async\" class=\"lazyImg\" src=\"\" data-src=\"https:\/\/www.fontainebleau.com\/uploads\/2025\/08\/Experience-the-Suite-Life-scaled.jpg\" alt=\"\" \/><\/picture>\n                    <\/div>\n                    <div class=\"contentBox forDesktop\">\n                                                <p class=\"smallBody\"><strong>APROVEITE A PRIMAVERA PARA UMA VIAGEM<br><\/strong>Hospede-se por duas noites, economize 10% e receba um cr\u00e9dito de US$ 25 para usar no resort.<br>Hospede-se por tr\u00eas noites, economize 15% e receba um cr\u00e9dito de US$ 50 para usar no resort.<br>Hospede-se por quatro noites, economize 20% e receba um cr\u00e9dito de US$ 100 para usar no resort.<br><br>PER\u00cdODO DE RESERVA: De agora at\u00e9 31 de maio de 2026<br>PER\u00cdODO DE VIAGEM: 1\u00ba de mar\u00e7o de 2026 a 31 de maio de 2026<\/p>\n\n                                                <div class=\"multiButtons\">\n                                                                                                        <a href=\"https:\/\/be.synxis.com\/?adult=1&amp;arrive=2026-03-12&amp;chain=5321&amp;child=0&amp;currency=USD&amp;depart=2026-03-16&amp;hotel=12476&amp;level=hotel&amp;locale=en-US&amp;productcurrency=USD&amp;promo=SPRINGP&amp;rooms=1\" class=\"cta\" rel=\"nofollow\" target = \"_blank\">Verificar disponibilidade<\/a>\n                \n                        <\/div>\n                                            <\/div>\n                                <div class=\"slider withFullWidth forMobile\">\n                    <div class=\"slidesItem\"><img decoding=\"async\" class=\"lazyImg\" src=\"\" data-src=\"https:\/\/www.fontainebleau.com\/uploads\/2025\/07\/Fontainebleau-Miami-Beach-Cabanas-scaled.jpg\" alt=\"Cabanas &#038; Poolscape at Fontainebleau Miami Beach\"\/><\/div>\n                    <div class=\"slidesItem\"><img decoding=\"async\" class=\"lazyImg\" src=\"\" data-src=\"https:\/\/www.fontainebleau.com\/uploads\/2025\/08\/Experience-the-Suite-Life-scaled.jpg\" alt=\"\" \/><\/div>\n                <\/div> \n                <div class=\"contentBox forMobile\">\n                                        <p class=\"smallBody\"><strong>APROVEITE A PRIMAVERA PARA UMA VIAGEM<br><\/strong>Hospede-se por duas noites, economize 10% e receba um cr\u00e9dito de US$ 25 para usar no resort.<br>Hospede-se por tr\u00eas noites, economize 15% e receba um cr\u00e9dito de US$ 50 para usar no resort.<br>Hospede-se por quatro noites, economize 20% e receba um cr\u00e9dito de US$ 100 para usar no resort.<br><br>PER\u00cdODO DE RESERVA: De agora at\u00e9 31 de maio de 2026<br>PER\u00cdODO DE VIAGEM: 1\u00ba de mar\u00e7o de 2026 a 31 de maio de 2026<\/p>\n\n                                        <div class=\"multiButtons\">\n                                                                                                            <a href=\"https:\/\/be.synxis.com\/?adult=1&amp;arrive=2026-03-12&amp;chain=5321&amp;child=0&amp;currency=USD&amp;depart=2026-03-16&amp;hotel=12476&amp;level=hotel&amp;locale=en-US&amp;productcurrency=USD&amp;promo=SPRINGP&amp;rooms=1\" class=\"cta\" rel=\"nofollow\" target = \"_blank\">Verificar disponibilidade<\/a>\n                \n                    <\/div>\n                                    <\/div>\n            <\/div>\n\n            <a href=\"\/\" class=\"accordionArrow\"><\/a> \n        <\/div>\n    <\/div>\n\n<\/div>\n\n\n<div id=\"cms-block-69d23eb01a4e92.05688013\" class=\"cms-block cms-block-element\">\n        <div class=\"imageTxtHeadline default-animated-block\">\n        <div class=\"imageTxtHeadline__inner imageTxtHeadline--C3\">\n            <div class=\"leftContainer\">\n                                <div class=\"slider withFullWidth forDesktopContent\">\n                                            <img decoding=\"async\" class=\"lazyImg\" src=\"\/images\/placeholder.png\" data-src=\"https:\/\/www.fontainebleau.com\/uploads\/2025\/10\/Hakkasan-at-Fontainebleau-Miami-Beach-1-scaled.jpg\" alt=\"\" \/>\n                                    <\/div>\n\n                <div class=\"slider withFullWidth forMobileContent\">\n                                            <img decoding=\"async\" class=\"lazyImg\" src=\"\/images\/placeholder.png\" data-src=\"https:\/\/www.fontainebleau.com\/uploads\/2025\/10\/Hakkasan-at-Fontainebleau-Miami-Beach-1-scaled.jpg\" alt=\"\" \/>\n                                    <\/div>\n                            <\/div>\n            <div class=\"rightContainer\">\n                \n                                                                                                <span class=\"smallHeading colorGold isSubTitleTop\">Da indulg\u00eancia matinal \u00e0 eleg\u00e2ncia noturna<\/span>\n                                                                                        <p class=\"smallBody\">Entre em um mundo onde voc\u00ea pode se divertir, fazer compras, desfrutar refei\u00e7\u00f5es requintadas, relaxar no spa ou simplesmente descansar \u2013 moldando seu dia perfeito exatamente como voc\u00ea imagina.<\/p>\n                    \n                    <div class=\"smallBody specificationList\"><\/div>\n\n                    \n                \n                                <div class=\"multiButtons\">\n                                                                                        <a href=\"https:\/\/www.fontainebleau.com\/miamibeach\/dining\/restaurants\/?restaurant_type=127\" class=\"primary--btn\" rel=\"nofollow\" target = \"_blank\">Descubra op\u00e7\u00f5es gastron\u00f4micas<\/a>\n        \n                <\/div>\n                            <\/div>\n        <\/div>\n\n        <a href=\"\/\" class=\"accordionArrow\"><\/a>\n    <\/div>\n<\/div>\n\n\n<div id=\"cms-block-69d23eb01ac3d4.83907257\" class=\"cms-block cms-block-element\">\n        <div class=\"imageTxtHeadline default-animated-block\">\n        <div class=\"imageTxtHeadline__inner imageTxtHeadline--C3_mirrored\">\n            <div class=\"leftContainer\">\n                                <div class=\"slider withFullWidth forDesktopContent\">\n                                            <img decoding=\"async\" class=\"lazyImg\" src=\"\/images\/placeholder.png\" data-src=\"https:\/\/www.fontainebleau.com\/uploads\/2024\/12\/Island-Cabana-Hero-Shot-Lowres-scaled.jpg\" alt=\"ISLAND CABANA\" \/>\n                                    <\/div>\n\n                <div class=\"slider withFullWidth forMobileContent\">\n                                            <img decoding=\"async\" class=\"lazyImg\" src=\"\/images\/placeholder.png\" data-src=\"https:\/\/www.fontainebleau.com\/uploads\/2024\/12\/Island-Cabana-Hero-Shot-Lowres-scaled.jpg\" alt=\"ISLAND CABANA\" \/>\n                                    <\/div>\n                            <\/div>\n            <div class=\"rightContainer\">\n                \n                                                                                                <span class=\"smallHeading colorGold isSubTitleTop\">Mais espa\u00e7o para relaxar<\/span>\n                                                                                        <p class=\"smallBody\">Relaxe, tome um drinque e fique um pouco mais. Com capacidade para at\u00e9 seis pessoas, nossas cabanas oferecem uma combina\u00e7\u00e3o perfeita de sofistica\u00e7\u00e3o e revitaliza\u00e7\u00e3o.<\/p>\n                    \n                    <div class=\"smallBody specificationList\"><\/div>\n\n                    \n                \n                                <div class=\"multiButtons\">\n                                                                                        <a href=\"https:\/\/fontainebleau.ipoolside.com\/#\" class=\"primary--btn\" rel=\"nofollow\" target = \"_blank\">Reserve uma cabana<\/a>\n        \n                <\/div>\n                            <\/div>\n        <\/div>\n\n        <a href=\"\/\" class=\"accordionArrow\"><\/a>\n    <\/div>\n<\/div>\n\n\n<div id=\"cms-block-69d23eb01b5288.28225994\" class=\"cms-block cms-block-element\">\n        <div class=\"imageTxtHeadline default-animated-block\">\n        <div class=\"imageTxtHeadline__inner imageTxtHeadline--C3\">\n            <div class=\"leftContainer\">\n                                <div class=\"slider withFullWidth forDesktopContent\">\n                                            <img decoding=\"async\" class=\"lazyImg\" src=\"\/images\/placeholder.png\" data-src=\"https:\/\/www.fontainebleau.com\/uploads\/2025\/07\/Architectural_Lapis-Spa_Fontainebleau-Miami-Beach.jpg\" alt=\"\" \/>\n                                    <\/div>\n\n                <div class=\"slider withFullWidth forMobileContent\">\n                                            <img decoding=\"async\" class=\"lazyImg\" src=\"\/images\/placeholder.png\" data-src=\"https:\/\/www.fontainebleau.com\/uploads\/2025\/07\/Architectural_Lapis-Spa_Fontainebleau-Miami-Beach.jpg\" alt=\"\" \/>\n                                    <\/div>\n                            <\/div>\n            <div class=\"rightContainer\">\n                \n                                                                                                <span class=\"smallHeading colorGold isSubTitleTop\">A beleza come\u00e7a aqui.<\/span>\n                                                                                        <p class=\"smallBody\">Revele seu brilho. Descubra um menu selecionado de tratamentos faciais revitalizantes e tratamentos calmantes com CBD, concebidos para real\u00e7ar seu brilho e seu senso de tranquilidade interior.<\/p>\n                    \n                    <div class=\"smallBody specificationList\"><\/div>\n\n                    \n                \n                                <div class=\"multiButtons\">\n                                                                                        <a href=\"https:\/\/www.fontainebleau.com\/miamibeach\/exclusive-spa-offers-at-lapis-spa\/\" class=\"primary--btn\" rel=\"nofollow\" target = \"_blank\">Explorar ofertas<\/a>\n        \n                <\/div>\n                            <\/div>\n        <\/div>\n\n        <a href=\"\/\" class=\"accordionArrow\"><\/a>\n    <\/div>\n<\/div>\n\n\n\n<p><\/p>\n","protected":false},"excerpt":{"rendered":"","protected":false},"author":83,"featured_media":0,"parent":35406,"menu_order":0,"comment_status":"closed","ping_status":"closed","template":"","meta":{"_acf_changed":false,"inline_featured_image":false,"_price":"","_stock":"","_tribe_ticket_header":"","_tribe_default_ticket_provider":"","_tribe_ticket_capacity":"0","_ticket_start_date":"","_ticket_end_date":"","_tribe_ticket_show_description":"","_tribe_ticket_show_not_going":false,"_tribe_ticket_use_global_stock":"","_tribe_ticket_global_stock_level":"","_global_stock_mode":"","_global_stock_cap":"","_tribe_rsvp_for_event":"","_tribe_ticket_going_count":"","_tribe_ticket_not_going_count":"","_tribe_tickets_list":[],"_tribe_ticket_has_attendee_info_fields":false,"footnotes":""},"class_list":["post-35751","page","type-page","status-publish","hentry"],"acf":[],"yoast_head":"<!-- This site is optimized with the Yoast SEO plugin v26.3 - https:\/\/yoast.com\/wordpress\/plugins\/seo\/ -->\n<title>Spring Paradise - Fontainebleau Miami Beach<\/title>\n<meta name=\"robots\" content=\"index, follow, max-snippet:-1, max-image-preview:large, max-video-preview:-1\" \/>\n<link rel=\"canonical\" href=\"https:\/\/www.fontainebleau.com\/miamibeach\/pt\/spring-paradise\/\" \/>\n<meta property=\"og:locale\" content=\"en_US\" \/>\n<meta property=\"og:type\" content=\"article\" \/>\n<meta property=\"og:title\" content=\"Spring Paradise - Fontainebleau Miami Beach\" \/>\n<meta property=\"og:url\" content=\"https:\/\/www.fontainebleau.com\/miamibeach\/pt\/spring-paradise\/\" \/>\n<meta property=\"og:site_name\" content=\"Fontainebleau Miami Beach\" \/>\n<meta property=\"article:publisher\" content=\"https:\/\/www.facebook.com\/pages\/Fontainebleau-Miami-Beach\/78458342904\" \/>\n<meta name=\"twitter:card\" content=\"summary_large_image\" \/>\n<meta name=\"twitter:site\" content=\"@Fontainebleau\" \/>\n<script type=\"application\/ld+json\" class=\"yoast-schema-graph\">{\"@context\":\"https:\/\/schema.org\",\"@graph\":[{\"@type\":\"WebPage\",\"@id\":\"https:\/\/www.fontainebleau.com\/miamibeach\/pt\/spring-paradise\/\",\"url\":\"https:\/\/www.fontainebleau.com\/miamibeach\/pt\/spring-paradise\/\",\"name\":\"Spring Paradise - Fontainebleau Miami Beach\",\"isPartOf\":{\"@id\":\"https:\/\/www.fontainebleau.com\/miami\/#website\"},\"datePublished\":\"2026-03-13T21:59:21+00:00\",\"breadcrumb\":{\"@id\":\"https:\/\/www.fontainebleau.com\/miamibeach\/pt\/spring-paradise\/#breadcrumb\"},\"inLanguage\":\"en-US\",\"potentialAction\":[{\"@type\":\"ReadAction\",\"target\":[\"https:\/\/www.fontainebleau.com\/miamibeach\/pt\/spring-paradise\/\"]}]},{\"@type\":\"BreadcrumbList\",\"@id\":\"https:\/\/www.fontainebleau.com\/miamibeach\/pt\/spring-paradise\/#breadcrumb\",\"itemListElement\":[{\"@type\":\"ListItem\",\"position\":1,\"name\":\"Home Page PT\",\"item\":\"https:\/\/www.fontainebleau.com\/miamibeach\/pt\/\"},{\"@type\":\"ListItem\",\"position\":2,\"name\":\"Spring Paradise\"}]},{\"@type\":\"WebSite\",\"@id\":\"https:\/\/www.fontainebleau.com\/miami\/#website\",\"url\":\"https:\/\/www.fontainebleau.com\/miami\/\",\"name\":\"Fontainebleau Miami Beach\",\"description\":\"\",\"publisher\":{\"@id\":\"https:\/\/www.fontainebleau.com\/miami\/#organization\"},\"potentialAction\":[{\"@type\":\"SearchAction\",\"target\":{\"@type\":\"EntryPoint\",\"urlTemplate\":\"https:\/\/www.fontainebleau.com\/miami\/?s={search_term_string}\"},\"query-input\":{\"@type\":\"PropertyValueSpecification\",\"valueRequired\":true,\"valueName\":\"search_term_string\"}}],\"inLanguage\":\"en-US\"},{\"@type\":\"Organization\",\"@id\":\"https:\/\/www.fontainebleau.com\/miami\/#organization\",\"name\":\"Fontainebleau Miami Beach\",\"url\":\"https:\/\/www.fontainebleau.com\/miami\/\",\"logo\":{\"@type\":\"ImageObject\",\"inLanguage\":\"en-US\",\"@id\":\"https:\/\/www.fontainebleau.com\/miami\/#\/schema\/logo\/image\/\",\"url\":\"https:\/\/www.fontainebleau.com\/uploads\/2024\/01\/fontainebleau-miami-beach-logo-sw.svg\",\"contentUrl\":\"https:\/\/www.fontainebleau.com\/uploads\/2024\/01\/fontainebleau-miami-beach-logo-sw.svg\",\"width\":143,\"height\":47,\"caption\":\"Fontainebleau Miami Beach\"},\"image\":{\"@id\":\"https:\/\/www.fontainebleau.com\/miami\/#\/schema\/logo\/image\/\"},\"sameAs\":[\"https:\/\/www.facebook.com\/pages\/Fontainebleau-Miami-Beach\/78458342904\",\"https:\/\/x.com\/Fontainebleau\",\"https:\/\/www.youtube.com\/fontainebleaumb\",\"https:\/\/www.instagram.com\/fontainebleaumiamibeach\/\",\"https:\/\/www.tiktok.com\/@fontainebleau\"]}]}<\/script>\n<!-- \/ Yoast SEO plugin. -->","yoast_head_json":{"title":"Spring Paradise - Fontainebleau Miami Beach","robots":{"index":"index","follow":"follow","max-snippet":"max-snippet:-1","max-image-preview":"max-image-preview:large","max-video-preview":"max-video-preview:-1"},"canonical":"https:\/\/www.fontainebleau.com\/miamibeach\/pt\/spring-paradise\/","og_locale":"en_US","og_type":"article","og_title":"Spring Paradise - Fontainebleau Miami Beach","og_url":"https:\/\/www.fontainebleau.com\/miamibeach\/pt\/spring-paradise\/","og_site_name":"Fontainebleau Miami Beach","article_publisher":"https:\/\/www.facebook.com\/pages\/Fontainebleau-Miami-Beach\/78458342904","twitter_card":"summary_large_image","twitter_site":"@Fontainebleau","schema":{"@context":"https:\/\/schema.org","@graph":[{"@type":"WebPage","@id":"https:\/\/www.fontainebleau.com\/miamibeach\/pt\/spring-paradise\/","url":"https:\/\/www.fontainebleau.com\/miamibeach\/pt\/spring-paradise\/","name":"Spring Paradise - Fontainebleau Miami Beach","isPartOf":{"@id":"https:\/\/www.fontainebleau.com\/miami\/#website"},"datePublished":"2026-03-13T21:59:21+00:00","breadcrumb":{"@id":"https:\/\/www.fontainebleau.com\/miamibeach\/pt\/spring-paradise\/#breadcrumb"},"inLanguage":"en-US","potentialAction":[{"@type":"ReadAction","target":["https:\/\/www.fontainebleau.com\/miamibeach\/pt\/spring-paradise\/"]}]},{"@type":"BreadcrumbList","@id":"https:\/\/www.fontainebleau.com\/miamibeach\/pt\/spring-paradise\/#breadcrumb","itemListElement":[{"@type":"ListItem","position":1,"name":"Home Page PT","item":"https:\/\/www.fontainebleau.com\/miamibeach\/pt\/"},{"@type":"ListItem","position":2,"name":"Spring Paradise"}]},{"@type":"WebSite","@id":"https:\/\/www.fontainebleau.com\/miami\/#website","url":"https:\/\/www.fontainebleau.com\/miami\/","name":"Fontainebleau Miami Beach","description":"","publisher":{"@id":"https:\/\/www.fontainebleau.com\/miami\/#organization"},"potentialAction":[{"@type":"SearchAction","target":{"@type":"EntryPoint","urlTemplate":"https:\/\/www.fontainebleau.com\/miami\/?s={search_term_string}"},"query-input":{"@type":"PropertyValueSpecification","valueRequired":true,"valueName":"search_term_string"}}],"inLanguage":"en-US"},{"@type":"Organization","@id":"https:\/\/www.fontainebleau.com\/miami\/#organization","name":"Fontainebleau Miami Beach","url":"https:\/\/www.fontainebleau.com\/miami\/","logo":{"@type":"ImageObject","inLanguage":"en-US","@id":"https:\/\/www.fontainebleau.com\/miami\/#\/schema\/logo\/image\/","url":"https:\/\/www.fontainebleau.com\/uploads\/2024\/01\/fontainebleau-miami-beach-logo-sw.svg","contentUrl":"https:\/\/www.fontainebleau.com\/uploads\/2024\/01\/fontainebleau-miami-beach-logo-sw.svg","width":143,"height":47,"caption":"Fontainebleau Miami Beach"},"image":{"@id":"https:\/\/www.fontainebleau.com\/miami\/#\/schema\/logo\/image\/"},"sameAs":["https:\/\/www.facebook.com\/pages\/Fontainebleau-Miami-Beach\/78458342904","https:\/\/x.com\/Fontainebleau","https:\/\/www.youtube.com\/fontainebleaumb","https:\/\/www.instagram.com\/fontainebleaumiamibeach\/","https:\/\/www.tiktok.com\/@fontainebleau"]}]}},"ticketed":false,"_links":{"self":[{"href":"https:\/\/www.fontainebleau.com\/miamibeach\/wp-json\/wp\/v2\/pages\/35751","targetHints":{"allow":["GET"]}}],"collection":[{"href":"https:\/\/www.fontainebleau.com\/miamibeach\/wp-json\/wp\/v2\/pages"}],"about":[{"href":"https:\/\/www.fontainebleau.com\/miamibeach\/wp-json\/wp\/v2\/types\/page"}],"author":[{"embeddable":true,"href":"https:\/\/www.fontainebleau.com\/miamibeach\/wp-json\/wp\/v2\/users\/83"}],"replies":[{"embeddable":true,"href":"https:\/\/www.fontainebleau.com\/miamibeach\/wp-json\/wp\/v2\/comments?post=35751"}],"version-history":[{"count":1,"href":"https:\/\/www.fontainebleau.com\/miamibeach\/wp-json\/wp\/v2\/pages\/35751\/revisions"}],"predecessor-version":[{"id":35754,"href":"https:\/\/www.fontainebleau.com\/miamibeach\/wp-json\/wp\/v2\/pages\/35751\/revisions\/35754"}],"up":[{"embeddable":true,"href":"https:\/\/www.fontainebleau.com\/miamibeach\/wp-json\/wp\/v2\/pages\/35406"}],"wp:attachment":[{"href":"https:\/\/www.fontainebleau.com\/miamibeach\/wp-json\/wp\/v2\/media?parent=35751"}],"curies":[{"name":"wp","href":"https:\/\/api.w.org\/{rel}","templated":true}]}}