{"id":35718,"date":"2026-03-13T17:46:47","date_gmt":"2026-03-13T21:46:47","guid":{"rendered":"https:\/\/www.fontainebleau.com\/miamibeach\/?page_id=35718"},"modified":"2026-03-13T17:50:00","modified_gmt":"2026-03-13T21:50:00","slug":"experience-the-suite-life","status":"publish","type":"page","link":"https:\/\/www.fontainebleau.com\/miamibeach\/pt\/experience-the-suite-life\/","title":{"rendered":"Experience The Suite Life"},"content":{"rendered":"<div id=\"cms-block-69f279f4f193d8.72161680\" class=\"cms-block cms-block-element\">\n    <div class=\"breadcrumbBig\">\n  <div class=\"breadcrumb-container forDesktop whiteFont gradientOn\">  \n    <nav class=\"breadcrumb breadcrumbBlock gtmBreadcrumb\" aria-label=\"breadcrumb.label\"><\/nav>\n    <\/div>\n  <div class=\"breadcrumb-container forMobile a11y-hidden whiteFont gradientOn\"><nav class=\"breadcrumb breadcrumbBlock gtmBreadcrumb\" aria-label=\"breadcrumb.label\"><\/nav><\/div>\n <\/div>\n<\/div>\n\n\n<div id=\"cms-block-69f19fcf536570.51327845\" class=\"cms-block cms-block-element\">\n                 <div class=\"heroBanner default-animation-nomov heroBanner--C1-A\">\n                \n        <div class=\"heroBanner__inner\">\n                            <div class=\"heroBanner__inner--gradient\"><\/div>\n                                    <div class=\"background-image \">\n                        <img decoding=\"async\" class=\"lazyImg\" src=\"\" data-src=\"https:\/\/www.fontainebleau.com\/uploads\/2025\/09\/Special-Offer-at-Fontainebleau-Miami-Beach_Experience-the-Suite-Life-scaled.jpg\" alt=\"\" \/>\n                    <\/div>\n                                                                \n                            \n            <div class=\"contentTop\">\n                            <h1>\n                    <span class=\"mediumHeading-2\">Experience <\/span>\n                    <span class=\"largeHeading-2\">The Suite Life<\/span>\n                <\/h1>\n                        <\/div>\n\n        <\/div>\n\n                <div class=\"contentBottom\">\n            \n                            <h6 class=\"titleSmall\">Mais espa\u00e7o. Mais estilo. Tudo seu.<\/h6>\n                        <p class=\"boldBody\">Mergulhe na eleg\u00e2ncia impec\u00e1vel da experi\u00eancia VIP do Fontainebleau, onde conforto espa\u00e7oso encontra sofistica\u00e7\u00e3o atemporal. Com nosso pacote exclusivo, cada detalhe da sua estadia \u00e9 aprimorado, incluindo check-in privativo, caf\u00e9 da manh\u00e3 di\u00e1rio, prioridade nas refei\u00e7\u00f5es, cr\u00e9dito de US$ 150 para uso no resort, atendimento personalizado de concierge e champanhe ou vinho ros\u00e9 em qualquer reserva de cabana.<\/p>\n\n                        <div class=\"multiButtons\">\n                                                                            <a href=\"https:\/\/be.synxis.com\/?adult=1&amp;arrive=2026-03-12&amp;chain=5321&amp;child=0&amp;currency=USD&amp;depart=2026-03-16&amp;hotel=12476&amp;level=hotel&amp;locale=en-US&amp;productcurrency=USD&amp;promo=SPRINGP&amp;rooms=1\" class=\"primary--btn\" rel=\"nofollow\" target = \"_blank\">Reserve j\u00e1<\/a>\n        \n            <\/div>\n                    <\/div>\n        \n                \n    <\/div>\n<\/div>\n\n\n<div id=\"cms-block-69f19fcf53e277.28342282\" class=\"cms-block cms-block-element\">\n        <div class=\"overlappingBgContainer\" style=\"background-image: url();\">\n        <div class=\"overlappingContainer\">\n            <div class=\"imageWrapper__C28-D\">\n                                    <div class=\"imageContainer\">\n                        <picture class=\"imageLarge forDesktop\"><img decoding=\"async\" class=\"lazyImg\" src=\"\" data-src=\"https:\/\/www.fontainebleau.com\/uploads\/2025\/08\/Presidential-Suite_La-Mer_Master-Bedroom-scaled.jpg\" alt=\"\" \/><\/picture>\n                        <picture class=\"imageSmall forDesktop\"><img decoding=\"async\" class=\"lazyImg\" src=\"\" data-src=\"https:\/\/www.fontainebleau.com\/uploads\/2025\/08\/Presidential-Suite_La-Mer_Living-Room-scaled.jpg\" alt=\"\" \/><\/picture>\n                    <\/div>\n                    <div class=\"contentBox forDesktop\">\n                                                    <h1 class=\"titleSmall\">Chegue com tranquilidade<\/h1>\n                                                <p class=\"smallBody\">Comece sua estadia com um check-in VIP privativo em nosso lounge exclusivo.<\/p>\n\n                                            <\/div>\n                                <div class=\"slider withFullWidth forMobile\">\n                    <div class=\"slidesItem\"><img decoding=\"async\" class=\"lazyImg\" src=\"\" data-src=\"https:\/\/www.fontainebleau.com\/uploads\/2025\/08\/Presidential-Suite_La-Mer_Master-Bedroom-scaled.jpg\" alt=\"\"\/><\/div>\n                    <div class=\"slidesItem\"><img decoding=\"async\" class=\"lazyImg\" src=\"\" data-src=\"https:\/\/www.fontainebleau.com\/uploads\/2025\/08\/Presidential-Suite_La-Mer_Living-Room-scaled.jpg\" alt=\"\" \/><\/div>\n                <\/div> \n                <div class=\"contentBox forMobile\">\n                                            <h1 class=\"titleSmall\">Chegue com tranquilidade<\/h1>\n                                        <p class=\"smallBody\">Comece sua estadia com um check-in VIP privativo em nosso lounge exclusivo.<\/p>\n\n                                    <\/div>\n            <\/div>\n\n            <a href=\"\/\" class=\"accordionArrow\"><\/a> \n        <\/div>\n    <\/div>\n\n<\/div>\n\n\n<div id=\"cms-block-69f279f4f291e8.01335474\" class=\"cms-block cms-block-element\">\n        <div class=\"imageTxtHeadline default-animated-block\">\n        <div class=\"imageTxtHeadline__inner imageTxtHeadline--C3_mirrored\">\n            <div class=\"leftContainer\">\n                                <div class=\"slider withFullWidth forDesktopContent\">\n                                            <img decoding=\"async\" class=\"lazyImg\" src=\"\/images\/placeholder.png\" data-src=\"https:\/\/www.fontainebleau.com\/uploads\/2025\/08\/Breakfast-at-Vida_Pancakes-scaled.jpg\" alt=\"maple syrup being poured over pancakes at Vida restaurant\" \/>\n                                            <img decoding=\"async\" class=\"lazyImg\" src=\"\/images\/placeholder.png\" data-src=\"https:\/\/www.fontainebleau.com\/uploads\/2025\/07\/Culinary_Table-Shot_Mirabella-by-Michael-White_Fontainebleau-Miami-Beach.jpg\" alt=\"\" \/>\n                                    <\/div>\n\n                <div class=\"slider withFullWidth forMobileContent\">\n                                            <img decoding=\"async\" class=\"lazyImg\" src=\"\/images\/placeholder.png\" data-src=\"https:\/\/www.fontainebleau.com\/uploads\/2025\/08\/Breakfast-at-Vida_Pancakes-scaled.jpg\" alt=\"maple syrup being poured over pancakes at Vida restaurant\" \/>\n                                            <img decoding=\"async\" class=\"lazyImg\" src=\"\/images\/placeholder.png\" data-src=\"https:\/\/www.fontainebleau.com\/uploads\/2025\/07\/Culinary_Table-Shot_Mirabella-by-Michael-White_Fontainebleau-Miami-Beach.jpg\" alt=\"\" \/>\n                                    <\/div>\n                            <\/div>\n            <div class=\"rightContainer\">\n                \n                                                                                                <span class=\"smallHeading colorGold isSubTitleTop\">Alta gastronomia de cedo \u00e0 noite<\/span>\n                                                                                        <p class=\"smallBody\">Comece cada manh\u00e3 com um buf\u00ea de caf\u00e9 da manh\u00e3 para dois no Vida. \u00c0 noite, aproveite o servi\u00e7o de mesa priorit\u00e1rio em nossos restaurantes exclusivos: Hakkasan, Mirabella e Prime 54.<\/p>\n                    \n                    <div class=\"smallBody specificationList\"><\/div>\n\n                    \n                \n                            <\/div>\n        <\/div>\n\n        <a href=\"\/\" class=\"accordionArrow\"><\/a>\n    <\/div>\n<\/div>\n\n\n<div id=\"cms-block-69f279f4f343e1.43431688\" class=\"cms-block cms-block-element\">\n        <div class=\"imageTxtHeadline default-animated-block\">\n        <div class=\"imageTxtHeadline__inner imageTxtHeadline--C3\">\n            <div class=\"leftContainer\">\n                                <div class=\"slider withFullWidth forDesktopContent\">\n                                            <img decoding=\"async\" class=\"lazyImg\" src=\"\/images\/placeholder.png\" data-src=\"https:\/\/www.fontainebleau.com\/uploads\/2025\/08\/mirabella-29-scaled.jpg\" alt=\"Friends having dinner at Mirabella at Fontainebleau Miami Beach\" \/>\n                                            <img decoding=\"async\" class=\"lazyImg\" src=\"\/images\/placeholder.png\" data-src=\"https:\/\/www.fontainebleau.com\/uploads\/2024\/09\/Spa-Day_Lapis-Spa_Woman-in-Robe-scaled.jpg\" alt=\"Miami Spa Month at Lapis Spa\" \/>\n                                            <img decoding=\"async\" class=\"lazyImg\" src=\"\/images\/placeholder.png\" data-src=\"https:\/\/www.fontainebleau.com\/uploads\/2025\/07\/Lifestyle_Beachside-Dining-at-Fontainebleau-Miami-Beach.jpg\" alt=\"\" \/>\n                                    <\/div>\n\n                <div class=\"slider withFullWidth forMobileContent\">\n                                            <img decoding=\"async\" class=\"lazyImg\" src=\"\/images\/placeholder.png\" data-src=\"https:\/\/www.fontainebleau.com\/uploads\/2025\/08\/mirabella-29-scaled.jpg\" alt=\"Friends having dinner at Mirabella at Fontainebleau Miami Beach\" \/>\n                                            <img decoding=\"async\" class=\"lazyImg\" src=\"\/images\/placeholder.png\" data-src=\"https:\/\/www.fontainebleau.com\/uploads\/2024\/09\/Spa-Day_Lapis-Spa_Woman-in-Robe-scaled.jpg\" alt=\"Miami Spa Month at Lapis Spa\" \/>\n                                            <img decoding=\"async\" class=\"lazyImg\" src=\"\/images\/placeholder.png\" data-src=\"https:\/\/www.fontainebleau.com\/uploads\/2025\/07\/Lifestyle_Beachside-Dining-at-Fontainebleau-Miami-Beach.jpg\" alt=\"\" \/>\n                                    <\/div>\n                            <\/div>\n            <div class=\"rightContainer\">\n                \n                                                                                                <span class=\"smallHeading colorGold isSubTitleTop\">A doce vida, por nossa conta<\/span>\n                                                                                        <p class=\"smallBody\">Aproveite um cr\u00e9dito de US$ 150 para usar no resort em refei\u00e7\u00f5es, tratamentos de spa ou experi\u00eancias selecionadas.\u00a0<\/p>\n                    \n                    <div class=\"smallBody specificationList\"><\/div>\n\n                    \n                \n                            <\/div>\n        <\/div>\n\n        <a href=\"\/\" class=\"accordionArrow\"><\/a>\n    <\/div>\n<\/div>\n\n\n<div id=\"cms-block-69f279f5002782.70182966\" class=\"cms-block cms-block-element\">\n        <div class=\"imageTxtHeadline default-animated-block\">\n        <div class=\"imageTxtHeadline__inner imageTxtHeadline--C3_mirrored\">\n            <div class=\"leftContainer\">\n                                <div class=\"slider withFullWidth forDesktopContent\">\n                                            <img decoding=\"async\" class=\"lazyImg\" src=\"\/images\/placeholder.png\" data-src=\"https:\/\/www.fontainebleau.com\/uploads\/2025\/09\/La-Cote-at-Fontainebleau-Miami-Beach_Ground-Floor-scaled.jpg\" alt=\"\" \/>\n                                    <\/div>\n\n                <div class=\"slider withFullWidth forMobileContent\">\n                                            <img decoding=\"async\" class=\"lazyImg\" src=\"\/images\/placeholder.png\" data-src=\"https:\/\/www.fontainebleau.com\/uploads\/2025\/09\/La-Cote-at-Fontainebleau-Miami-Beach_Ground-Floor-scaled.jpg\" alt=\"\" \/>\n                                    <\/div>\n                            <\/div>\n            <div class=\"rightContainer\">\n                \n                                                                                                <span class=\"smallHeading colorGold isSubTitleTop\">Champagne \u00e0 beira da piscina<\/span>\n                                                                                        <p class=\"smallBody\">Receba uma garrafa de champanhe ou vinho ros\u00e9 de cortesia ao reservar qualquer cabana \u00e0 beira da piscina.<\/p>\n                    \n                    <div class=\"smallBody specificationList\"><\/div>\n\n                    \n                \n                                <div class=\"multiButtons\">\n                                                                                <a href=\"https:\/\/www.fontainebleau.com\/miamibeach\/experiences\/pools\/\" class=\"cta\" rel=\"nofollow\" target = \"_blank\">Ver piscinas<\/a>\n                            <a href=\"https:\/\/fontainebleau.ipoolside.com\/#\" class=\"primary--btn\" rel=\"nofollow\" target = \"_blank\">Reserve uma cabana<\/a>\n        \n                <\/div>\n                            <\/div>\n        <\/div>\n\n        <a href=\"\/\" class=\"accordionArrow\"><\/a>\n    <\/div>\n<\/div>\n\n\n\n<p><\/p>\n","protected":false},"excerpt":{"rendered":"","protected":false},"author":83,"featured_media":0,"parent":35406,"menu_order":0,"comment_status":"closed","ping_status":"closed","template":"","meta":{"_acf_changed":false,"inline_featured_image":false,"_price":"","_stock":"","_tribe_ticket_header":"","_tribe_default_ticket_provider":"","_tribe_ticket_capacity":"0","_ticket_start_date":"","_ticket_end_date":"","_tribe_ticket_show_description":"","_tribe_ticket_show_not_going":false,"_tribe_ticket_use_global_stock":"","_tribe_ticket_global_stock_level":"","_global_stock_mode":"","_global_stock_cap":"","_tribe_rsvp_for_event":"","_tribe_ticket_going_count":"","_tribe_ticket_not_going_count":"","_tribe_tickets_list":[],"_tribe_ticket_has_attendee_info_fields":false,"footnotes":""},"class_list":["post-35718","page","type-page","status-publish","hentry"],"acf":[],"yoast_head":"<!-- This site is optimized with the Yoast SEO plugin v26.3 - https:\/\/yoast.com\/wordpress\/plugins\/seo\/ -->\n<title>Experience The Suite Life - Fontainebleau Miami Beach<\/title>\n<meta name=\"robots\" content=\"index, follow, max-snippet:-1, max-image-preview:large, max-video-preview:-1\" \/>\n<link rel=\"canonical\" href=\"https:\/\/www.fontainebleau.com\/miamibeach\/pt\/experience-the-suite-life\/\" \/>\n<meta property=\"og:locale\" content=\"en_US\" \/>\n<meta property=\"og:type\" content=\"article\" \/>\n<meta property=\"og:title\" content=\"Experience The Suite Life - Fontainebleau Miami Beach\" \/>\n<meta property=\"og:url\" content=\"https:\/\/www.fontainebleau.com\/miamibeach\/pt\/experience-the-suite-life\/\" \/>\n<meta property=\"og:site_name\" content=\"Fontainebleau Miami Beach\" \/>\n<meta property=\"article:publisher\" content=\"https:\/\/www.facebook.com\/pages\/Fontainebleau-Miami-Beach\/78458342904\" \/>\n<meta property=\"article:modified_time\" content=\"2026-03-13T21:50:00+00:00\" \/>\n<meta name=\"twitter:card\" content=\"summary_large_image\" \/>\n<meta name=\"twitter:site\" content=\"@Fontainebleau\" \/>\n<script type=\"application\/ld+json\" class=\"yoast-schema-graph\">{\"@context\":\"https:\/\/schema.org\",\"@graph\":[{\"@type\":\"WebPage\",\"@id\":\"https:\/\/www.fontainebleau.com\/miamibeach\/pt\/experience-the-suite-life\/\",\"url\":\"https:\/\/www.fontainebleau.com\/miamibeach\/pt\/experience-the-suite-life\/\",\"name\":\"Experience The Suite Life - Fontainebleau Miami Beach\",\"isPartOf\":{\"@id\":\"https:\/\/www.fontainebleau.com\/miami\/#website\"},\"datePublished\":\"2026-03-13T21:46:47+00:00\",\"dateModified\":\"2026-03-13T21:50:00+00:00\",\"breadcrumb\":{\"@id\":\"https:\/\/www.fontainebleau.com\/miamibeach\/pt\/experience-the-suite-life\/#breadcrumb\"},\"inLanguage\":\"en-US\",\"potentialAction\":[{\"@type\":\"ReadAction\",\"target\":[\"https:\/\/www.fontainebleau.com\/miamibeach\/pt\/experience-the-suite-life\/\"]}]},{\"@type\":\"BreadcrumbList\",\"@id\":\"https:\/\/www.fontainebleau.com\/miamibeach\/pt\/experience-the-suite-life\/#breadcrumb\",\"itemListElement\":[{\"@type\":\"ListItem\",\"position\":1,\"name\":\"Home Page PT\",\"item\":\"https:\/\/www.fontainebleau.com\/miamibeach\/pt\/\"},{\"@type\":\"ListItem\",\"position\":2,\"name\":\"Experience The Suite Life\"}]},{\"@type\":\"WebSite\",\"@id\":\"https:\/\/www.fontainebleau.com\/miami\/#website\",\"url\":\"https:\/\/www.fontainebleau.com\/miami\/\",\"name\":\"Fontainebleau Miami Beach\",\"description\":\"\",\"publisher\":{\"@id\":\"https:\/\/www.fontainebleau.com\/miami\/#organization\"},\"potentialAction\":[{\"@type\":\"SearchAction\",\"target\":{\"@type\":\"EntryPoint\",\"urlTemplate\":\"https:\/\/www.fontainebleau.com\/miami\/?s={search_term_string}\"},\"query-input\":{\"@type\":\"PropertyValueSpecification\",\"valueRequired\":true,\"valueName\":\"search_term_string\"}}],\"inLanguage\":\"en-US\"},{\"@type\":\"Organization\",\"@id\":\"https:\/\/www.fontainebleau.com\/miami\/#organization\",\"name\":\"Fontainebleau Miami Beach\",\"url\":\"https:\/\/www.fontainebleau.com\/miami\/\",\"logo\":{\"@type\":\"ImageObject\",\"inLanguage\":\"en-US\",\"@id\":\"https:\/\/www.fontainebleau.com\/miami\/#\/schema\/logo\/image\/\",\"url\":\"https:\/\/www.fontainebleau.com\/uploads\/2024\/01\/fontainebleau-miami-beach-logo-sw.svg\",\"contentUrl\":\"https:\/\/www.fontainebleau.com\/uploads\/2024\/01\/fontainebleau-miami-beach-logo-sw.svg\",\"width\":143,\"height\":47,\"caption\":\"Fontainebleau Miami Beach\"},\"image\":{\"@id\":\"https:\/\/www.fontainebleau.com\/miami\/#\/schema\/logo\/image\/\"},\"sameAs\":[\"https:\/\/www.facebook.com\/pages\/Fontainebleau-Miami-Beach\/78458342904\",\"https:\/\/x.com\/Fontainebleau\",\"https:\/\/www.youtube.com\/fontainebleaumb\",\"https:\/\/www.instagram.com\/fontainebleaumiamibeach\/\",\"https:\/\/www.tiktok.com\/@fontainebleau\"]}]}<\/script>\n<!-- \/ Yoast SEO plugin. -->","yoast_head_json":{"title":"Experience The Suite Life - Fontainebleau Miami Beach","robots":{"index":"index","follow":"follow","max-snippet":"max-snippet:-1","max-image-preview":"max-image-preview:large","max-video-preview":"max-video-preview:-1"},"canonical":"https:\/\/www.fontainebleau.com\/miamibeach\/pt\/experience-the-suite-life\/","og_locale":"en_US","og_type":"article","og_title":"Experience The Suite Life - Fontainebleau Miami Beach","og_url":"https:\/\/www.fontainebleau.com\/miamibeach\/pt\/experience-the-suite-life\/","og_site_name":"Fontainebleau Miami Beach","article_publisher":"https:\/\/www.facebook.com\/pages\/Fontainebleau-Miami-Beach\/78458342904","article_modified_time":"2026-03-13T21:50:00+00:00","twitter_card":"summary_large_image","twitter_site":"@Fontainebleau","schema":{"@context":"https:\/\/schema.org","@graph":[{"@type":"WebPage","@id":"https:\/\/www.fontainebleau.com\/miamibeach\/pt\/experience-the-suite-life\/","url":"https:\/\/www.fontainebleau.com\/miamibeach\/pt\/experience-the-suite-life\/","name":"Experience The Suite Life - Fontainebleau Miami Beach","isPartOf":{"@id":"https:\/\/www.fontainebleau.com\/miami\/#website"},"datePublished":"2026-03-13T21:46:47+00:00","dateModified":"2026-03-13T21:50:00+00:00","breadcrumb":{"@id":"https:\/\/www.fontainebleau.com\/miamibeach\/pt\/experience-the-suite-life\/#breadcrumb"},"inLanguage":"en-US","potentialAction":[{"@type":"ReadAction","target":["https:\/\/www.fontainebleau.com\/miamibeach\/pt\/experience-the-suite-life\/"]}]},{"@type":"BreadcrumbList","@id":"https:\/\/www.fontainebleau.com\/miamibeach\/pt\/experience-the-suite-life\/#breadcrumb","itemListElement":[{"@type":"ListItem","position":1,"name":"Home Page PT","item":"https:\/\/www.fontainebleau.com\/miamibeach\/pt\/"},{"@type":"ListItem","position":2,"name":"Experience The Suite Life"}]},{"@type":"WebSite","@id":"https:\/\/www.fontainebleau.com\/miami\/#website","url":"https:\/\/www.fontainebleau.com\/miami\/","name":"Fontainebleau Miami Beach","description":"","publisher":{"@id":"https:\/\/www.fontainebleau.com\/miami\/#organization"},"potentialAction":[{"@type":"SearchAction","target":{"@type":"EntryPoint","urlTemplate":"https:\/\/www.fontainebleau.com\/miami\/?s={search_term_string}"},"query-input":{"@type":"PropertyValueSpecification","valueRequired":true,"valueName":"search_term_string"}}],"inLanguage":"en-US"},{"@type":"Organization","@id":"https:\/\/www.fontainebleau.com\/miami\/#organization","name":"Fontainebleau Miami Beach","url":"https:\/\/www.fontainebleau.com\/miami\/","logo":{"@type":"ImageObject","inLanguage":"en-US","@id":"https:\/\/www.fontainebleau.com\/miami\/#\/schema\/logo\/image\/","url":"https:\/\/www.fontainebleau.com\/uploads\/2024\/01\/fontainebleau-miami-beach-logo-sw.svg","contentUrl":"https:\/\/www.fontainebleau.com\/uploads\/2024\/01\/fontainebleau-miami-beach-logo-sw.svg","width":143,"height":47,"caption":"Fontainebleau Miami Beach"},"image":{"@id":"https:\/\/www.fontainebleau.com\/miami\/#\/schema\/logo\/image\/"},"sameAs":["https:\/\/www.facebook.com\/pages\/Fontainebleau-Miami-Beach\/78458342904","https:\/\/x.com\/Fontainebleau","https:\/\/www.youtube.com\/fontainebleaumb","https:\/\/www.instagram.com\/fontainebleaumiamibeach\/","https:\/\/www.tiktok.com\/@fontainebleau"]}]}},"ticketed":false,"_links":{"self":[{"href":"https:\/\/www.fontainebleau.com\/miamibeach\/wp-json\/wp\/v2\/pages\/35718","targetHints":{"allow":["GET"]}}],"collection":[{"href":"https:\/\/www.fontainebleau.com\/miamibeach\/wp-json\/wp\/v2\/pages"}],"about":[{"href":"https:\/\/www.fontainebleau.com\/miamibeach\/wp-json\/wp\/v2\/types\/page"}],"author":[{"embeddable":true,"href":"https:\/\/www.fontainebleau.com\/miamibeach\/wp-json\/wp\/v2\/users\/83"}],"replies":[{"embeddable":true,"href":"https:\/\/www.fontainebleau.com\/miamibeach\/wp-json\/wp\/v2\/comments?post=35718"}],"version-history":[{"count":5,"href":"https:\/\/www.fontainebleau.com\/miamibeach\/wp-json\/wp\/v2\/pages\/35718\/revisions"}],"predecessor-version":[{"id":35733,"href":"https:\/\/www.fontainebleau.com\/miamibeach\/wp-json\/wp\/v2\/pages\/35718\/revisions\/35733"}],"up":[{"embeddable":true,"href":"https:\/\/www.fontainebleau.com\/miamibeach\/wp-json\/wp\/v2\/pages\/35406"}],"wp:attachment":[{"href":"https:\/\/www.fontainebleau.com\/miamibeach\/wp-json\/wp\/v2\/media?parent=35718"}],"curies":[{"name":"wp","href":"https:\/\/api.w.org\/{rel}","templated":true}]}}