{"id":35703,"date":"2026-03-13T17:34:42","date_gmt":"2026-03-13T21:34:42","guid":{"rendered":"https:\/\/www.fontainebleau.com\/miamibeach\/?page_id=35703"},"modified":"2026-03-13T17:34:42","modified_gmt":"2026-03-13T21:34:42","slug":"viva-la-vida-en-suite-terminos-y-condiciones","status":"publish","type":"page","link":"https:\/\/www.fontainebleau.com\/miamibeach\/es\/viva-la-vida-en-suite-terminos-y-condiciones\/","title":{"rendered":"Viva la vida en suite &#8211; T\u00e9rminos y condiciones"},"content":{"rendered":"<div id=\"cms-block-69f57414a567b9.94300846\" class=\"cms-block cms-block-element\">\n    <div class=\"breadcrumbBig\">\n  <div class=\"breadcrumb-container forDesktop blackFont \">  \n    <nav class=\"breadcrumb breadcrumbBlock gtmBreadcrumb\" aria-label=\"breadcrumb.label\"><\/nav>\n    <\/div>\n  <div class=\"breadcrumb-container forMobile a11y-hidden blackFont \"><nav class=\"breadcrumb breadcrumbBlock gtmBreadcrumb\" aria-label=\"breadcrumb.label\"><\/nav><\/div>\n <\/div>\n<\/div>\n\n\n<div id=\"cms-block-69f5715de8c0b9.96695352\" class=\"cms-block cms-block-element\">\n    <div class=\"bodyTextContainer\">\n            <div class=\"bodyText\">\n            <h1 class=\"mediumHeading-1\">Sum\u00e9rjase en Bleau<\/h1>\n            <div class=\"smallHeading\">T\u00e9rminos y condiciones<\/div>\n            <p class=\"smallBody\">Dep\u00f3sito no reembolsable de dos noches al momento de la reserva. La reserva no se puede modificar ni cancelar. El cr\u00e9dito del resort no es transferible ni aplicable a futuras estad\u00edas. Tarifa promocional no aplicable a grupos, no combinable con otras ofertas y susceptible de ser discontinuada en cualquier momento. Se aplicar\u00e1 a su reserva una tarifa de hotel de $53 m\u00e1s impuestos por d\u00eda, por habitaci\u00f3n.\u00a0<\/p>\n        <\/div>\n    \n        \n    \n    <\/div>\n<\/div>\n","protected":false},"excerpt":{"rendered":"","protected":false},"author":83,"featured_media":0,"parent":35400,"menu_order":0,"comment_status":"closed","ping_status":"closed","template":"","meta":{"_acf_changed":false,"inline_featured_image":false,"_price":"","_stock":"","_tribe_ticket_header":"","_tribe_default_ticket_provider":"","_tribe_ticket_capacity":"0","_ticket_start_date":"","_ticket_end_date":"","_tribe_ticket_show_description":"","_tribe_ticket_show_not_going":false,"_tribe_ticket_use_global_stock":"","_tribe_ticket_global_stock_level":"","_global_stock_mode":"","_global_stock_cap":"","_tribe_rsvp_for_event":"","_tribe_ticket_going_count":"","_tribe_ticket_not_going_count":"","_tribe_tickets_list":[],"_tribe_ticket_has_attendee_info_fields":false,"footnotes":""},"class_list":["post-35703","page","type-page","status-publish","hentry"],"acf":[],"yoast_head":"<!-- This site is optimized with the Yoast SEO plugin v26.3 - https:\/\/yoast.com\/wordpress\/plugins\/seo\/ -->\n<title>Viva la vida en suite - T\u00e9rminos y condiciones - Fontainebleau Miami Beach<\/title>\n<meta name=\"robots\" content=\"index, follow, max-snippet:-1, max-image-preview:large, max-video-preview:-1\" \/>\n<link rel=\"canonical\" href=\"https:\/\/www.fontainebleau.com\/miamibeach\/es\/viva-la-vida-en-suite-terminos-y-condiciones\/\" \/>\n<meta property=\"og:locale\" content=\"en_US\" \/>\n<meta property=\"og:type\" content=\"article\" \/>\n<meta property=\"og:title\" content=\"Viva la vida en suite - T\u00e9rminos y condiciones - Fontainebleau Miami Beach\" \/>\n<meta property=\"og:url\" content=\"https:\/\/www.fontainebleau.com\/miamibeach\/es\/viva-la-vida-en-suite-terminos-y-condiciones\/\" \/>\n<meta property=\"og:site_name\" content=\"Fontainebleau Miami Beach\" \/>\n<meta property=\"article:publisher\" content=\"https:\/\/www.facebook.com\/pages\/Fontainebleau-Miami-Beach\/78458342904\" \/>\n<meta name=\"twitter:card\" content=\"summary_large_image\" \/>\n<meta name=\"twitter:site\" content=\"@Fontainebleau\" \/>\n<script type=\"application\/ld+json\" class=\"yoast-schema-graph\">{\"@context\":\"https:\/\/schema.org\",\"@graph\":[{\"@type\":\"WebPage\",\"@id\":\"https:\/\/www.fontainebleau.com\/miamibeach\/es\/viva-la-vida-en-suite-terminos-y-condiciones\/\",\"url\":\"https:\/\/www.fontainebleau.com\/miamibeach\/es\/viva-la-vida-en-suite-terminos-y-condiciones\/\",\"name\":\"Viva la vida en suite - T\u00e9rminos y condiciones - Fontainebleau Miami Beach\",\"isPartOf\":{\"@id\":\"https:\/\/www.fontainebleau.com\/miami\/#website\"},\"datePublished\":\"2026-03-13T21:34:42+00:00\",\"breadcrumb\":{\"@id\":\"https:\/\/www.fontainebleau.com\/miamibeach\/es\/viva-la-vida-en-suite-terminos-y-condiciones\/#breadcrumb\"},\"inLanguage\":\"en-US\",\"potentialAction\":[{\"@type\":\"ReadAction\",\"target\":[\"https:\/\/www.fontainebleau.com\/miamibeach\/es\/viva-la-vida-en-suite-terminos-y-condiciones\/\"]}]},{\"@type\":\"BreadcrumbList\",\"@id\":\"https:\/\/www.fontainebleau.com\/miamibeach\/es\/viva-la-vida-en-suite-terminos-y-condiciones\/#breadcrumb\",\"itemListElement\":[{\"@type\":\"ListItem\",\"position\":1,\"name\":\"Home Page ES\",\"item\":\"https:\/\/www.fontainebleau.com\/miamibeach\/es\/\"},{\"@type\":\"ListItem\",\"position\":2,\"name\":\"Viva la vida en suite &#8211; T\u00e9rminos y condiciones\"}]},{\"@type\":\"WebSite\",\"@id\":\"https:\/\/www.fontainebleau.com\/miami\/#website\",\"url\":\"https:\/\/www.fontainebleau.com\/miami\/\",\"name\":\"Fontainebleau Miami Beach\",\"description\":\"\",\"publisher\":{\"@id\":\"https:\/\/www.fontainebleau.com\/miami\/#organization\"},\"potentialAction\":[{\"@type\":\"SearchAction\",\"target\":{\"@type\":\"EntryPoint\",\"urlTemplate\":\"https:\/\/www.fontainebleau.com\/miami\/?s={search_term_string}\"},\"query-input\":{\"@type\":\"PropertyValueSpecification\",\"valueRequired\":true,\"valueName\":\"search_term_string\"}}],\"inLanguage\":\"en-US\"},{\"@type\":\"Organization\",\"@id\":\"https:\/\/www.fontainebleau.com\/miami\/#organization\",\"name\":\"Fontainebleau Miami Beach\",\"url\":\"https:\/\/www.fontainebleau.com\/miami\/\",\"logo\":{\"@type\":\"ImageObject\",\"inLanguage\":\"en-US\",\"@id\":\"https:\/\/www.fontainebleau.com\/miami\/#\/schema\/logo\/image\/\",\"url\":\"https:\/\/www.fontainebleau.com\/uploads\/2024\/01\/fontainebleau-miami-beach-logo-sw.svg\",\"contentUrl\":\"https:\/\/www.fontainebleau.com\/uploads\/2024\/01\/fontainebleau-miami-beach-logo-sw.svg\",\"width\":143,\"height\":47,\"caption\":\"Fontainebleau Miami Beach\"},\"image\":{\"@id\":\"https:\/\/www.fontainebleau.com\/miami\/#\/schema\/logo\/image\/\"},\"sameAs\":[\"https:\/\/www.facebook.com\/pages\/Fontainebleau-Miami-Beach\/78458342904\",\"https:\/\/x.com\/Fontainebleau\",\"https:\/\/www.youtube.com\/fontainebleaumb\",\"https:\/\/www.instagram.com\/fontainebleaumiamibeach\/\",\"https:\/\/www.tiktok.com\/@fontainebleau\"]}]}<\/script>\n<!-- \/ Yoast SEO plugin. -->","yoast_head_json":{"title":"Viva la vida en suite - T\u00e9rminos y condiciones - Fontainebleau Miami Beach","robots":{"index":"index","follow":"follow","max-snippet":"max-snippet:-1","max-image-preview":"max-image-preview:large","max-video-preview":"max-video-preview:-1"},"canonical":"https:\/\/www.fontainebleau.com\/miamibeach\/es\/viva-la-vida-en-suite-terminos-y-condiciones\/","og_locale":"en_US","og_type":"article","og_title":"Viva la vida en suite - T\u00e9rminos y condiciones - Fontainebleau Miami Beach","og_url":"https:\/\/www.fontainebleau.com\/miamibeach\/es\/viva-la-vida-en-suite-terminos-y-condiciones\/","og_site_name":"Fontainebleau Miami Beach","article_publisher":"https:\/\/www.facebook.com\/pages\/Fontainebleau-Miami-Beach\/78458342904","twitter_card":"summary_large_image","twitter_site":"@Fontainebleau","schema":{"@context":"https:\/\/schema.org","@graph":[{"@type":"WebPage","@id":"https:\/\/www.fontainebleau.com\/miamibeach\/es\/viva-la-vida-en-suite-terminos-y-condiciones\/","url":"https:\/\/www.fontainebleau.com\/miamibeach\/es\/viva-la-vida-en-suite-terminos-y-condiciones\/","name":"Viva la vida en suite - T\u00e9rminos y condiciones - Fontainebleau Miami Beach","isPartOf":{"@id":"https:\/\/www.fontainebleau.com\/miami\/#website"},"datePublished":"2026-03-13T21:34:42+00:00","breadcrumb":{"@id":"https:\/\/www.fontainebleau.com\/miamibeach\/es\/viva-la-vida-en-suite-terminos-y-condiciones\/#breadcrumb"},"inLanguage":"en-US","potentialAction":[{"@type":"ReadAction","target":["https:\/\/www.fontainebleau.com\/miamibeach\/es\/viva-la-vida-en-suite-terminos-y-condiciones\/"]}]},{"@type":"BreadcrumbList","@id":"https:\/\/www.fontainebleau.com\/miamibeach\/es\/viva-la-vida-en-suite-terminos-y-condiciones\/#breadcrumb","itemListElement":[{"@type":"ListItem","position":1,"name":"Home Page ES","item":"https:\/\/www.fontainebleau.com\/miamibeach\/es\/"},{"@type":"ListItem","position":2,"name":"Viva la vida en suite &#8211; T\u00e9rminos y condiciones"}]},{"@type":"WebSite","@id":"https:\/\/www.fontainebleau.com\/miami\/#website","url":"https:\/\/www.fontainebleau.com\/miami\/","name":"Fontainebleau Miami Beach","description":"","publisher":{"@id":"https:\/\/www.fontainebleau.com\/miami\/#organization"},"potentialAction":[{"@type":"SearchAction","target":{"@type":"EntryPoint","urlTemplate":"https:\/\/www.fontainebleau.com\/miami\/?s={search_term_string}"},"query-input":{"@type":"PropertyValueSpecification","valueRequired":true,"valueName":"search_term_string"}}],"inLanguage":"en-US"},{"@type":"Organization","@id":"https:\/\/www.fontainebleau.com\/miami\/#organization","name":"Fontainebleau Miami Beach","url":"https:\/\/www.fontainebleau.com\/miami\/","logo":{"@type":"ImageObject","inLanguage":"en-US","@id":"https:\/\/www.fontainebleau.com\/miami\/#\/schema\/logo\/image\/","url":"https:\/\/www.fontainebleau.com\/uploads\/2024\/01\/fontainebleau-miami-beach-logo-sw.svg","contentUrl":"https:\/\/www.fontainebleau.com\/uploads\/2024\/01\/fontainebleau-miami-beach-logo-sw.svg","width":143,"height":47,"caption":"Fontainebleau Miami Beach"},"image":{"@id":"https:\/\/www.fontainebleau.com\/miami\/#\/schema\/logo\/image\/"},"sameAs":["https:\/\/www.facebook.com\/pages\/Fontainebleau-Miami-Beach\/78458342904","https:\/\/x.com\/Fontainebleau","https:\/\/www.youtube.com\/fontainebleaumb","https:\/\/www.instagram.com\/fontainebleaumiamibeach\/","https:\/\/www.tiktok.com\/@fontainebleau"]}]}},"ticketed":false,"_links":{"self":[{"href":"https:\/\/www.fontainebleau.com\/miamibeach\/wp-json\/wp\/v2\/pages\/35703","targetHints":{"allow":["GET"]}}],"collection":[{"href":"https:\/\/www.fontainebleau.com\/miamibeach\/wp-json\/wp\/v2\/pages"}],"about":[{"href":"https:\/\/www.fontainebleau.com\/miamibeach\/wp-json\/wp\/v2\/types\/page"}],"author":[{"embeddable":true,"href":"https:\/\/www.fontainebleau.com\/miamibeach\/wp-json\/wp\/v2\/users\/83"}],"replies":[{"embeddable":true,"href":"https:\/\/www.fontainebleau.com\/miamibeach\/wp-json\/wp\/v2\/comments?post=35703"}],"version-history":[{"count":1,"href":"https:\/\/www.fontainebleau.com\/miamibeach\/wp-json\/wp\/v2\/pages\/35703\/revisions"}],"predecessor-version":[{"id":35706,"href":"https:\/\/www.fontainebleau.com\/miamibeach\/wp-json\/wp\/v2\/pages\/35703\/revisions\/35706"}],"up":[{"embeddable":true,"href":"https:\/\/www.fontainebleau.com\/miamibeach\/wp-json\/wp\/v2\/pages\/35400"}],"wp:attachment":[{"href":"https:\/\/www.fontainebleau.com\/miamibeach\/wp-json\/wp\/v2\/media?parent=35703"}],"curies":[{"name":"wp","href":"https:\/\/api.w.org\/{rel}","templated":true}]}}