{"id":35685,"date":"2026-03-13T17:10:50","date_gmt":"2026-03-13T21:10:50","guid":{"rendered":"https:\/\/www.fontainebleau.com\/miamibeach\/?page_id=35685"},"modified":"2026-03-13T17:10:51","modified_gmt":"2026-03-13T21:10:51","slug":"sweet-suite-bleau-terminos-y-condiciones","status":"publish","type":"page","link":"https:\/\/www.fontainebleau.com\/miamibeach\/es\/sweet-suite-bleau-terminos-y-condiciones\/","title":{"rendered":"Sweet Suite Bleau &#8211; T\u00e9rminos y condiciones"},"content":{"rendered":"<div id=\"cms-block-69d24852a6aa24.01922965\" class=\"cms-block cms-block-element\">\n    <div class=\"breadcrumbBig\">\n  <div class=\"breadcrumb-container forDesktop blackFont \">  \n    <nav class=\"breadcrumb breadcrumbBlock gtmBreadcrumb\" aria-label=\"breadcrumb.label\"><\/nav>\n    <\/div>\n  <div class=\"breadcrumb-container forMobile a11y-hidden blackFont \"><nav class=\"breadcrumb breadcrumbBlock gtmBreadcrumb\" aria-label=\"breadcrumb.label\"><\/nav><\/div>\n <\/div>\n<\/div>\n\n\n<div id=\"cms-block-69d1c16ced6c19.12219746\" class=\"cms-block cms-block-element\">\n    <div class=\"bodyTextContainer\">\n            <div class=\"bodyText\">\n            <h1 class=\"mediumHeading-1\">Sweet Suite Bleau<\/h1>\n            <div class=\"smallHeading\">T\u00e9rminos y condiciones<\/div>\n            <p class=\"smallBody\">Oferta basada en ocupaci\u00f3n doble en habitaci\u00f3n categor\u00eda suite y estad\u00eda m\u00ednima de tres noches.<br><br>Oferta sujeta a disponibilidad, con fechas restringidas, incluidos d\u00edas festivos y fechas de temporada.<br><br>La oferta no se puede combinar con ning\u00fan otro descuento y no es aplicable a grupos.<br><br>Se agregar\u00e1 a su reserva una tarifa de hotel de $53 por habitaci\u00f3n, por d\u00eda, m\u00e1s impuestos. Esta tarifa incluye las siguientes comodidades:<br><br>\u2013 Acceso ilimitado a Internet inal\u00e1mbrico en las habitaciones, el vest\u00edbulo y las \u00e1reas de la piscina.<br>\u2013 Acceso al gimnasio para hu\u00e9spedes registrados.<br>\u2013 Yoga al amanecer los s\u00e1bados (si el tiempo lo permite).<br>\u2013 Uso gratuito de equipos para deportes acu\u00e1ticos no motorizados, como kayaks y tablas de paddle surf (hasta 30 minutos por persona, por d\u00eda).<br>\u2013 Un paseo gratuito en banana boat por d\u00eda para los hu\u00e9spedes registrados.<br>\u2013 Hasta 2 horas de uso gratuito de bicicletas Fontainebleau por hu\u00e9sped, por d\u00eda.<br>\u2013 Llamadas locales y a n\u00fameros gratuitos.<br>\u2013 Tumbonas para todos los hu\u00e9spedes registrados.<br>\u2013 Acceso al Refresh Lounge para uso previo o posterior al viaje.<br>\u2013 Un peri\u00f3dico diario (disponible en recepci\u00f3n).<\/p>\n        <\/div>\n    \n        \n    \n    <\/div>\n<\/div>\n\n\n\n<p><\/p>\n","protected":false},"excerpt":{"rendered":"","protected":false},"author":83,"featured_media":0,"parent":35400,"menu_order":0,"comment_status":"closed","ping_status":"closed","template":"","meta":{"_acf_changed":false,"inline_featured_image":false,"_price":"","_stock":"","_tribe_ticket_header":"","_tribe_default_ticket_provider":"","_tribe_ticket_capacity":"0","_ticket_start_date":"","_ticket_end_date":"","_tribe_ticket_show_description":"","_tribe_ticket_show_not_going":false,"_tribe_ticket_use_global_stock":"","_tribe_ticket_global_stock_level":"","_global_stock_mode":"","_global_stock_cap":"","_tribe_rsvp_for_event":"","_tribe_ticket_going_count":"","_tribe_ticket_not_going_count":"","_tribe_tickets_list":[],"_tribe_ticket_has_attendee_info_fields":false,"footnotes":""},"class_list":["post-35685","page","type-page","status-publish","hentry"],"acf":[],"yoast_head":"<!-- This site is optimized with the Yoast SEO plugin v26.3 - https:\/\/yoast.com\/wordpress\/plugins\/seo\/ -->\n<title>Sweet Suite Bleau - T\u00e9rminos y condiciones - Fontainebleau Miami Beach<\/title>\n<meta name=\"robots\" content=\"index, follow, max-snippet:-1, max-image-preview:large, max-video-preview:-1\" \/>\n<link rel=\"canonical\" href=\"https:\/\/www.fontainebleau.com\/miamibeach\/es\/sweet-suite-bleau-terminos-y-condiciones\/\" \/>\n<meta property=\"og:locale\" content=\"en_US\" \/>\n<meta property=\"og:type\" content=\"article\" \/>\n<meta property=\"og:title\" content=\"Sweet Suite Bleau - T\u00e9rminos y condiciones - Fontainebleau Miami Beach\" \/>\n<meta property=\"og:url\" content=\"https:\/\/www.fontainebleau.com\/miamibeach\/es\/sweet-suite-bleau-terminos-y-condiciones\/\" \/>\n<meta property=\"og:site_name\" content=\"Fontainebleau Miami Beach\" \/>\n<meta property=\"article:publisher\" content=\"https:\/\/www.facebook.com\/pages\/Fontainebleau-Miami-Beach\/78458342904\" \/>\n<meta property=\"article:modified_time\" content=\"2026-03-13T21:10:51+00:00\" \/>\n<meta name=\"twitter:card\" content=\"summary_large_image\" \/>\n<meta name=\"twitter:site\" content=\"@Fontainebleau\" \/>\n<script type=\"application\/ld+json\" class=\"yoast-schema-graph\">{\"@context\":\"https:\/\/schema.org\",\"@graph\":[{\"@type\":\"WebPage\",\"@id\":\"https:\/\/www.fontainebleau.com\/miamibeach\/es\/sweet-suite-bleau-terminos-y-condiciones\/\",\"url\":\"https:\/\/www.fontainebleau.com\/miamibeach\/es\/sweet-suite-bleau-terminos-y-condiciones\/\",\"name\":\"Sweet Suite Bleau - T\u00e9rminos y condiciones - Fontainebleau Miami Beach\",\"isPartOf\":{\"@id\":\"https:\/\/www.fontainebleau.com\/miami\/#website\"},\"datePublished\":\"2026-03-13T21:10:50+00:00\",\"dateModified\":\"2026-03-13T21:10:51+00:00\",\"breadcrumb\":{\"@id\":\"https:\/\/www.fontainebleau.com\/miamibeach\/es\/sweet-suite-bleau-terminos-y-condiciones\/#breadcrumb\"},\"inLanguage\":\"en-US\",\"potentialAction\":[{\"@type\":\"ReadAction\",\"target\":[\"https:\/\/www.fontainebleau.com\/miamibeach\/es\/sweet-suite-bleau-terminos-y-condiciones\/\"]}]},{\"@type\":\"BreadcrumbList\",\"@id\":\"https:\/\/www.fontainebleau.com\/miamibeach\/es\/sweet-suite-bleau-terminos-y-condiciones\/#breadcrumb\",\"itemListElement\":[{\"@type\":\"ListItem\",\"position\":1,\"name\":\"Home Page ES\",\"item\":\"https:\/\/www.fontainebleau.com\/miamibeach\/es\/\"},{\"@type\":\"ListItem\",\"position\":2,\"name\":\"Sweet Suite Bleau &#8211; T\u00e9rminos y condiciones\"}]},{\"@type\":\"WebSite\",\"@id\":\"https:\/\/www.fontainebleau.com\/miami\/#website\",\"url\":\"https:\/\/www.fontainebleau.com\/miami\/\",\"name\":\"Fontainebleau Miami Beach\",\"description\":\"\",\"publisher\":{\"@id\":\"https:\/\/www.fontainebleau.com\/miami\/#organization\"},\"potentialAction\":[{\"@type\":\"SearchAction\",\"target\":{\"@type\":\"EntryPoint\",\"urlTemplate\":\"https:\/\/www.fontainebleau.com\/miami\/?s={search_term_string}\"},\"query-input\":{\"@type\":\"PropertyValueSpecification\",\"valueRequired\":true,\"valueName\":\"search_term_string\"}}],\"inLanguage\":\"en-US\"},{\"@type\":\"Organization\",\"@id\":\"https:\/\/www.fontainebleau.com\/miami\/#organization\",\"name\":\"Fontainebleau Miami Beach\",\"url\":\"https:\/\/www.fontainebleau.com\/miami\/\",\"logo\":{\"@type\":\"ImageObject\",\"inLanguage\":\"en-US\",\"@id\":\"https:\/\/www.fontainebleau.com\/miami\/#\/schema\/logo\/image\/\",\"url\":\"https:\/\/www.fontainebleau.com\/uploads\/2024\/01\/fontainebleau-miami-beach-logo-sw.svg\",\"contentUrl\":\"https:\/\/www.fontainebleau.com\/uploads\/2024\/01\/fontainebleau-miami-beach-logo-sw.svg\",\"width\":143,\"height\":47,\"caption\":\"Fontainebleau Miami Beach\"},\"image\":{\"@id\":\"https:\/\/www.fontainebleau.com\/miami\/#\/schema\/logo\/image\/\"},\"sameAs\":[\"https:\/\/www.facebook.com\/pages\/Fontainebleau-Miami-Beach\/78458342904\",\"https:\/\/x.com\/Fontainebleau\",\"https:\/\/www.youtube.com\/fontainebleaumb\",\"https:\/\/www.instagram.com\/fontainebleaumiamibeach\/\",\"https:\/\/www.tiktok.com\/@fontainebleau\"]}]}<\/script>\n<!-- \/ Yoast SEO plugin. -->","yoast_head_json":{"title":"Sweet Suite Bleau - T\u00e9rminos y condiciones - Fontainebleau Miami Beach","robots":{"index":"index","follow":"follow","max-snippet":"max-snippet:-1","max-image-preview":"max-image-preview:large","max-video-preview":"max-video-preview:-1"},"canonical":"https:\/\/www.fontainebleau.com\/miamibeach\/es\/sweet-suite-bleau-terminos-y-condiciones\/","og_locale":"en_US","og_type":"article","og_title":"Sweet Suite Bleau - T\u00e9rminos y condiciones - Fontainebleau Miami Beach","og_url":"https:\/\/www.fontainebleau.com\/miamibeach\/es\/sweet-suite-bleau-terminos-y-condiciones\/","og_site_name":"Fontainebleau Miami Beach","article_publisher":"https:\/\/www.facebook.com\/pages\/Fontainebleau-Miami-Beach\/78458342904","article_modified_time":"2026-03-13T21:10:51+00:00","twitter_card":"summary_large_image","twitter_site":"@Fontainebleau","schema":{"@context":"https:\/\/schema.org","@graph":[{"@type":"WebPage","@id":"https:\/\/www.fontainebleau.com\/miamibeach\/es\/sweet-suite-bleau-terminos-y-condiciones\/","url":"https:\/\/www.fontainebleau.com\/miamibeach\/es\/sweet-suite-bleau-terminos-y-condiciones\/","name":"Sweet Suite Bleau - T\u00e9rminos y condiciones - Fontainebleau Miami Beach","isPartOf":{"@id":"https:\/\/www.fontainebleau.com\/miami\/#website"},"datePublished":"2026-03-13T21:10:50+00:00","dateModified":"2026-03-13T21:10:51+00:00","breadcrumb":{"@id":"https:\/\/www.fontainebleau.com\/miamibeach\/es\/sweet-suite-bleau-terminos-y-condiciones\/#breadcrumb"},"inLanguage":"en-US","potentialAction":[{"@type":"ReadAction","target":["https:\/\/www.fontainebleau.com\/miamibeach\/es\/sweet-suite-bleau-terminos-y-condiciones\/"]}]},{"@type":"BreadcrumbList","@id":"https:\/\/www.fontainebleau.com\/miamibeach\/es\/sweet-suite-bleau-terminos-y-condiciones\/#breadcrumb","itemListElement":[{"@type":"ListItem","position":1,"name":"Home Page ES","item":"https:\/\/www.fontainebleau.com\/miamibeach\/es\/"},{"@type":"ListItem","position":2,"name":"Sweet Suite Bleau &#8211; T\u00e9rminos y condiciones"}]},{"@type":"WebSite","@id":"https:\/\/www.fontainebleau.com\/miami\/#website","url":"https:\/\/www.fontainebleau.com\/miami\/","name":"Fontainebleau Miami Beach","description":"","publisher":{"@id":"https:\/\/www.fontainebleau.com\/miami\/#organization"},"potentialAction":[{"@type":"SearchAction","target":{"@type":"EntryPoint","urlTemplate":"https:\/\/www.fontainebleau.com\/miami\/?s={search_term_string}"},"query-input":{"@type":"PropertyValueSpecification","valueRequired":true,"valueName":"search_term_string"}}],"inLanguage":"en-US"},{"@type":"Organization","@id":"https:\/\/www.fontainebleau.com\/miami\/#organization","name":"Fontainebleau Miami Beach","url":"https:\/\/www.fontainebleau.com\/miami\/","logo":{"@type":"ImageObject","inLanguage":"en-US","@id":"https:\/\/www.fontainebleau.com\/miami\/#\/schema\/logo\/image\/","url":"https:\/\/www.fontainebleau.com\/uploads\/2024\/01\/fontainebleau-miami-beach-logo-sw.svg","contentUrl":"https:\/\/www.fontainebleau.com\/uploads\/2024\/01\/fontainebleau-miami-beach-logo-sw.svg","width":143,"height":47,"caption":"Fontainebleau Miami Beach"},"image":{"@id":"https:\/\/www.fontainebleau.com\/miami\/#\/schema\/logo\/image\/"},"sameAs":["https:\/\/www.facebook.com\/pages\/Fontainebleau-Miami-Beach\/78458342904","https:\/\/x.com\/Fontainebleau","https:\/\/www.youtube.com\/fontainebleaumb","https:\/\/www.instagram.com\/fontainebleaumiamibeach\/","https:\/\/www.tiktok.com\/@fontainebleau"]}]}},"ticketed":false,"_links":{"self":[{"href":"https:\/\/www.fontainebleau.com\/miamibeach\/wp-json\/wp\/v2\/pages\/35685","targetHints":{"allow":["GET"]}}],"collection":[{"href":"https:\/\/www.fontainebleau.com\/miamibeach\/wp-json\/wp\/v2\/pages"}],"about":[{"href":"https:\/\/www.fontainebleau.com\/miamibeach\/wp-json\/wp\/v2\/types\/page"}],"author":[{"embeddable":true,"href":"https:\/\/www.fontainebleau.com\/miamibeach\/wp-json\/wp\/v2\/users\/83"}],"replies":[{"embeddable":true,"href":"https:\/\/www.fontainebleau.com\/miamibeach\/wp-json\/wp\/v2\/comments?post=35685"}],"version-history":[{"count":1,"href":"https:\/\/www.fontainebleau.com\/miamibeach\/wp-json\/wp\/v2\/pages\/35685\/revisions"}],"predecessor-version":[{"id":35688,"href":"https:\/\/www.fontainebleau.com\/miamibeach\/wp-json\/wp\/v2\/pages\/35685\/revisions\/35688"}],"up":[{"embeddable":true,"href":"https:\/\/www.fontainebleau.com\/miamibeach\/wp-json\/wp\/v2\/pages\/35400"}],"wp:attachment":[{"href":"https:\/\/www.fontainebleau.com\/miamibeach\/wp-json\/wp\/v2\/media?parent=35685"}],"curies":[{"name":"wp","href":"https:\/\/api.w.org\/{rel}","templated":true}]}}