{"id":35655,"date":"2026-03-13T15:48:27","date_gmt":"2026-03-13T19:48:27","guid":{"rendered":"https:\/\/www.fontainebleau.com\/miamibeach\/?page_id=35655"},"modified":"2026-03-13T15:48:27","modified_gmt":"2026-03-13T19:48:27","slug":"habitaciones-y-suites","status":"publish","type":"page","link":"https:\/\/www.fontainebleau.com\/miamibeach\/es\/habitaciones-y-suites\/","title":{"rendered":"Habitaciones y suites"},"content":{"rendered":"<div id=\"cms-block-69d1e1d7de5482.95495062\" class=\"cms-block cms-block-element\">\n    <div class=\"breadcrumbBig\">\n  <div class=\"breadcrumb-container forDesktop whiteFont gradientOn\">  \n    <nav class=\"breadcrumb breadcrumbBlock gtmBreadcrumb\" aria-label=\"breadcrumb.label\"><\/nav>\n    <\/div>\n  <div class=\"breadcrumb-container forMobile a11y-hidden whiteFont gradientOn\"><nav class=\"breadcrumb breadcrumbBlock gtmBreadcrumb\" aria-label=\"breadcrumb.label\"><\/nav><\/div>\n <\/div>\n<\/div>\n\n\n<div id=\"cms-block-69d1c2f22187f6.40562416\" class=\"cms-block cms-block-element\">\n                 <div class=\"heroBanner default-animation-nomov heroBanner--C1-A\">\n                \n        <div class=\"heroBanner__inner\">\n                            <div class=\"heroBanner__inner--gradient\"><\/div>\n                                    <div class=\"background-image forDesktopContent\">\n                        <img decoding=\"async\" class=\"lazyImg\" src=\"\" data-src=\"https:\/\/www.fontainebleau.com\/uploads\/2024\/02\/fontainebleau-miami-beach-accommodations-hero-1440.jpg\" alt=\"\" \/>\n                    <\/div>\n                                                                    <div class=\"background-image forMobileContent\">\n                        <img decoding=\"async\" class=\"lazyImg\" src=\"\" data-src=\"https:\/\/www.fontainebleau.com\/uploads\/2024\/02\/fontainebleau-miami-beach-accommodations-hero-768.jpg\" alt=\"\" \/>\n                    <\/div>\n                                \n                            \n            <div class=\"contentTop\">\n                            <h1>\n                    <span class=\"mediumHeading-2\">Sue\u00f1a en<\/span>\n                    <span class=\"largeHeading-2\">Decadencia<\/span>\n                <\/h1>\n                        <\/div>\n\n        <\/div>\n\n                <div class=\"contentBottom\">\n            \n                            <h6 class=\"titleSmall\"><\/h6>\n                        <p class=\"boldBody\">Las estancias perfectas en Miami Beach comienzan en Fontainebleau, con m\u00e1s de 1,500 lujosas habitaciones y suites, cada una con mobiliario impecable, impresionantes vistas a la ciudad y al mar, y un servicio inigualable.<\/p>\n\n                        <div class=\"multiButtons\">\n                                                                    <a href=\"\/miamibeach\/all-accommodations\/\" class=\"cta\" rel=\"nofollow\" >Ver Todas las Habitaciones<\/a>\n                \n            <\/div>\n                    <\/div>\n        \n                \n    <\/div>\n<\/div>\n\n\n<div id=\"cms-block-69d1e1d7df2c24.54138582\" class=\"cms-block cms-block-element\">\n        <div class=\"imageTxtHeadline default-animated-block\">\n        <div class=\"imageTxtHeadline__inner imageTxtHeadline--C3\">\n            <div class=\"leftContainer\">\n                                <div class=\"slider withFullWidth forDesktopContent\">\n                                            <img decoding=\"async\" class=\"lazyImg\" src=\"\/images\/placeholder.png\" data-src=\"https:\/\/www.fontainebleau.com\/uploads\/2024\/02\/fontainebleau-miami-beach-accommodations-guestrooms-930.jpg\" alt=\"\" \/>\n                                    <\/div>\n\n                <div class=\"slider withFullWidth forMobileContent\">\n                                            <img decoding=\"async\" class=\"lazyImg\" src=\"\/images\/placeholder.png\" data-src=\"https:\/\/www.fontainebleau.com\/uploads\/2024\/02\/fontainebleau-miami-beach-accommodations-guestrooms-480.jpg\" alt=\"\" \/>\n                                    <\/div>\n                            <\/div>\n            <div class=\"rightContainer\">\n                \n                                                                        <h2 class=\"mediumHeading-1 colorGold\">Habitaciones de Hu\u00e9spedes<\/h2>\n                                                                                                                <p class=\"smallBody\">Ad\u00e9ntrate en tu encantador refugio en Miami Beach, que comparte convenientemente un vest\u00edbulo con nuestro famoso club nocturno, LIV. Todas las habitaciones irradian un glamour moderno, con elegantes mobiliarios y vistas impresionantes de la ciudad.<br><\/p>\n                    \n                    <div class=\"smallBody specificationList\"><\/div>\n\n                                        <div class=\"smallBody specifications\">\n                         \n                            <div class=\"col\">\n                                <img decoding=\"async\" class=\"lazyImg\" src=\"\" data-src=\"https:\/\/www.fontainebleau.com\/uploads\/2024\/01\/fontainebleau-miami-beach-icon-bed.svg\" alt=\"1 King or 2 Queen Beds\" \/>\n                                1 King or 2 Queen Beds\n                            <\/div>\n                         \n                            <div class=\"col\">\n                                <img decoding=\"async\" class=\"lazyImg\" src=\"\" data-src=\"https:\/\/www.fontainebleau.com\/uploads\/2024\/01\/fontainebleau-miami-beach-icon-size.svg\" alt=\"300 - 400 SF\" \/>\n                                300 &#8211; 400 SF\n                            <\/div>\n                         \n                            <div class=\"col\">\n                                <img decoding=\"async\" class=\"lazyImg\" src=\"\" data-src=\"https:\/\/www.fontainebleau.com\/uploads\/2024\/01\/fontainebleau-miami-beach-icon-view.svg\" alt=\"Bay or Ocean Views\" \/>\n                                Bay or Ocean Views\n                            <\/div>\n                         \n                            <div class=\"col\">\n                                <img decoding=\"async\" class=\"lazyImg\" src=\"\" data-src=\"https:\/\/www.fontainebleau.com\/uploads\/2024\/03\/fontainebleau-miami-beach-icon-amenities.svg\" alt=\"Balcony\" \/>\n                                Balcony\n                            <\/div>\n                                            <\/div>\n                    \n                \n                                <div class=\"multiButtons\">\n                                                                                <a href=\"\/miamibeach\/all-accommodations\/?rooms_type=331\" class=\"cta\" rel=\"nofollow\" >Ver Habitaciones<\/a>\n                \n                <\/div>\n                            <\/div>\n        <\/div>\n\n        <a href=\"\/\" class=\"accordionArrow\"><\/a>\n    <\/div>\n<\/div>\n\n\n<div id=\"cms-block-69d1e1d7e1b7d8.23521507\" class=\"cms-block cms-block-element\">\n        <div class=\"imageTxtHeadline default-animated-block\">\n        <div class=\"imageTxtHeadline__inner imageTxtHeadline--C3_mirrored\">\n            <div class=\"leftContainer\">\n                                <div class=\"slider withFullWidth forDesktopContent\">\n                                            <img decoding=\"async\" class=\"lazyImg\" src=\"\/images\/placeholder.png\" data-src=\"https:\/\/www.fontainebleau.com\/uploads\/2024\/02\/fontainebleau-miami-beach-accommodations-junior-suites-930.jpg\" alt=\"\" \/>\n                                    <\/div>\n\n                <div class=\"slider withFullWidth forMobileContent\">\n                                            <img decoding=\"async\" class=\"lazyImg\" src=\"\/images\/placeholder.png\" data-src=\"https:\/\/www.fontainebleau.com\/uploads\/2024\/02\/fontainebleau-miami-beach-accommodations-junior-suites-480.jpg\" alt=\"\" \/>\n                                    <\/div>\n                            <\/div>\n            <div class=\"rightContainer\">\n                \n                                                                        <h2 class=\"mediumHeading-1 colorGold\">Junior Suites<\/h2>\n                                                                                                                <p class=\"smallBody\">Vive tu fantas\u00eda m\u00e1s atractiva en Miami en una de nuestras amplias suites frente al mar, que cuentan con una c\u00f3moda sala de estar y sof\u00e1 cama.<br><\/p>\n                    \n                    <div class=\"smallBody specificationList\"><\/div>\n\n                                        <div class=\"smallBody specifications\">\n                         \n                            <div class=\"col\">\n                                <img decoding=\"async\" class=\"lazyImg\" src=\"\" data-src=\"https:\/\/www.fontainebleau.com\/uploads\/2024\/01\/fontainebleau-miami-beach-icon-bed.svg\" alt=\"1 King or 2 Queen Beds\" \/>\n                                1 King or 2 Queen Beds\n                            <\/div>\n                         \n                            <div class=\"col\">\n                                <img decoding=\"async\" class=\"lazyImg\" src=\"\" data-src=\"https:\/\/www.fontainebleau.com\/uploads\/2024\/01\/fontainebleau-miami-beach-icon-size.svg\" alt=\"500 - 640 SF\" \/>\n                                500 &#8211; 640 SF\n                            <\/div>\n                         \n                            <div class=\"col\">\n                                <img decoding=\"async\" class=\"lazyImg\" src=\"\" data-src=\"https:\/\/www.fontainebleau.com\/uploads\/2024\/01\/fontainebleau-miami-beach-icon-view.svg\" alt=\"Bay or Ocean Views\" \/>\n                                Bay or Ocean Views\n                            <\/div>\n                         \n                            <div class=\"col\">\n                                <img decoding=\"async\" class=\"lazyImg\" src=\"\" data-src=\"https:\/\/www.fontainebleau.com\/uploads\/2024\/03\/fontainebleau-miami-beach-icon-amenities.svg\" alt=\"Balcony\" \/>\n                                Balcony\n                            <\/div>\n                                            <\/div>\n                    \n                \n                                <div class=\"multiButtons\">\n                                                                                <a href=\"\/miamibeach\/all-accommodations\/?rooms_type=334\" class=\"cta\" rel=\"nofollow\" >Ver Junior Suites<\/a>\n                \n                <\/div>\n                            <\/div>\n        <\/div>\n\n        <a href=\"\/\" class=\"accordionArrow\"><\/a>\n    <\/div>\n<\/div>\n\n\n<div id=\"cms-block-69d1e1d7e2c7c0.59211171\" class=\"cms-block cms-block-element\">\n        <div class=\"imageTxtHeadline default-animated-block\">\n        <div class=\"imageTxtHeadline__inner imageTxtHeadline--C3\">\n            <div class=\"leftContainer\">\n                                <div class=\"slider withFullWidth forDesktopContent\">\n                                            <img decoding=\"async\" class=\"lazyImg\" src=\"\/images\/placeholder.png\" data-src=\"https:\/\/www.fontainebleau.com\/uploads\/2024\/02\/fontainebleau-miami-beach-accommodations-one-two-bedroom-suites-930.jpg\" alt=\"\" \/>\n                                    <\/div>\n\n                <div class=\"slider withFullWidth forMobileContent\">\n                                            <img decoding=\"async\" class=\"lazyImg\" src=\"\/images\/placeholder.png\" data-src=\"https:\/\/www.fontainebleau.com\/uploads\/2024\/02\/fontainebleau-miami-beach-accommodations-one-two-bedroom-suites-480.jpg\" alt=\"\" \/>\n                                    <\/div>\n                            <\/div>\n            <div class=\"rightContainer\">\n                \n                                                                        <h2 class=\"mediumHeading-1 colorGold\">Suites de Una &amp; Dos Habitaciones<\/h2>\n                                                                                                                <p class=\"smallBody\">Encuentra la suite que cumpla cada uno de tus deseos en Fontainebleau Miami Beach, donde te esperan m\u00e1s de 250 alojamientos premium. Disponibles en una amplia variedad de configuraciones, cada suite ofrece una espaciosa sala de estar independiente y un ba\u00f1o de gran tama\u00f1o con una hermosa ba\u00f1era de hidromasaje y ducha.<br><\/p>\n                    \n                    <div class=\"smallBody specificationList\"><\/div>\n\n                                        <div class=\"smallBody specifications\">\n                         \n                            <div class=\"col\">\n                                <img decoding=\"async\" class=\"lazyImg\" src=\"\" data-src=\"https:\/\/www.fontainebleau.com\/uploads\/2024\/01\/fontainebleau-miami-beach-icon-bed.svg\" alt=\"1 or 2 Bedroom\" \/>\n                                1 or 2 Bedroom\n                            <\/div>\n                         \n                            <div class=\"col\">\n                                <img decoding=\"async\" class=\"lazyImg\" src=\"\" data-src=\"https:\/\/www.fontainebleau.com\/uploads\/2024\/01\/fontainebleau-miami-beach-icon-size.svg\" alt=\"750 \u2013 1320 SF\" \/>\n                                750 \u2013 1320 SF\n                            <\/div>\n                         \n                            <div class=\"col\">\n                                <img decoding=\"async\" class=\"lazyImg\" src=\"\" data-src=\"https:\/\/www.fontainebleau.com\/uploads\/2024\/01\/fontainebleau-miami-beach-icon-view.svg\" alt=\"Bay, Downtown or Ocean Views\" \/>\n                                Bay, Downtown or Ocean Views\n                            <\/div>\n                         \n                            <div class=\"col\">\n                                <img decoding=\"async\" class=\"lazyImg\" src=\"\" data-src=\"https:\/\/www.fontainebleau.com\/uploads\/2024\/03\/fontainebleau-miami-beach-icon-amenities.svg\" alt=\"Balcony &amp; Kitchen\" \/>\n                                Balcony &#038; Kitchen\n                            <\/div>\n                                            <\/div>\n                    \n                \n                                <div class=\"multiButtons\">\n                                                                                <a href=\"\/miamibeach\/all-accommodations\/?rooms_type=337\" class=\"cta\" rel=\"nofollow\" >Ver Suites<\/a>\n                \n                <\/div>\n                            <\/div>\n        <\/div>\n\n        <a href=\"\/\" class=\"accordionArrow\"><\/a>\n    <\/div>\n<\/div>\n\n\n<div id=\"cms-block-69d1e1d7e3dfa7.80531226\" class=\"cms-block cms-block-element\">\n        <div class=\"imageTxtHeadline default-animated-block\">\n        <div class=\"imageTxtHeadline__inner imageTxtHeadline--C3_mirrored\">\n            <div class=\"leftContainer\">\n                                <div class=\"slider withFullWidth forDesktopContent\">\n                                            <img decoding=\"async\" class=\"lazyImg\" src=\"\/images\/placeholder.png\" data-src=\"https:\/\/www.fontainebleau.com\/uploads\/2024\/02\/fontainebleau-miami-beach-accommodations-specialty-suites-930.jpg\" alt=\"\" \/>\n                                    <\/div>\n\n                <div class=\"slider withFullWidth forMobileContent\">\n                                            <img decoding=\"async\" class=\"lazyImg\" src=\"\/images\/placeholder.png\" data-src=\"https:\/\/www.fontainebleau.com\/uploads\/2024\/02\/fontainebleau-miami-beach-accommodations-specialty-suites-480.jpg\" alt=\"\" \/>\n                                    <\/div>\n                            <\/div>\n            <div class=\"rightContainer\">\n                \n                                                                        <h2 class=\"mediumHeading-1 colorGold\">Suites Especiales<\/h2>\n                                                                                                                <p class=\"smallBody\">Hermosas vistas forman el tel\u00f3n de fondo id\u00edlico para cualquier estancia en una suite de lujo, ya sea con vista al Oc\u00e9ano Atl\u00e1ntico o a la espectacular Bah\u00eda de Biscayne. Rel\u00e1jate con un estilo verdaderamente sofisticado, disfrutando de la fresca brisa marina desde tu balc\u00f3n o entreteniendo a tus invitados en tu amplia sala de estar.<br><\/p>\n                    \n                    <div class=\"smallBody specificationList\"><\/div>\n\n                                        <div class=\"smallBody specifications\">\n                         \n                            <div class=\"col\">\n                                <img decoding=\"async\" class=\"lazyImg\" src=\"\" data-src=\"https:\/\/www.fontainebleau.com\/uploads\/2024\/01\/fontainebleau-miami-beach-icon-bed.svg\" alt=\"2 - 5 Bedroom\" \/>\n                                2 &#8211; 5 Bedroom\n                            <\/div>\n                         \n                            <div class=\"col\">\n                                <img decoding=\"async\" class=\"lazyImg\" src=\"\" data-src=\"https:\/\/www.fontainebleau.com\/uploads\/2024\/01\/fontainebleau-miami-beach-icon-size.svg\" alt=\"1,525 - 9,850 SF\" \/>\n                                1,525 &#8211; 9,850 SF\n                            <\/div>\n                         \n                            <div class=\"col\">\n                                <img decoding=\"async\" class=\"lazyImg\" src=\"\" data-src=\"https:\/\/www.fontainebleau.com\/uploads\/2024\/01\/fontainebleau-miami-beach-icon-view.svg\" alt=\"Bay, Downtown or Ocean Views\" \/>\n                                Bay, Downtown or Ocean Views\n                            <\/div>\n                         \n                            <div class=\"col\">\n                                <img decoding=\"async\" class=\"lazyImg\" src=\"\" data-src=\"https:\/\/www.fontainebleau.com\/uploads\/2024\/03\/fontainebleau-miami-beach-icon-amenities.svg\" alt=\"Balcony &amp; Kitchen\" \/>\n                                Balcony &#038; Kitchen\n                            <\/div>\n                                            <\/div>\n                    \n                \n                                <div class=\"multiButtons\">\n                                                                                <a href=\"\/miamibeach\/all-accommodations\/?rooms_type=340\" class=\"cta\" rel=\"nofollow\" >Ver Suites Especiales<\/a>\n                \n                <\/div>\n                            <\/div>\n        <\/div>\n\n        <a href=\"\/\" class=\"accordionArrow\"><\/a>\n    <\/div>\n<\/div>\n","protected":false},"excerpt":{"rendered":"","protected":false},"author":83,"featured_media":0,"parent":35400,"menu_order":0,"comment_status":"closed","ping_status":"closed","template":"","meta":{"_acf_changed":false,"inline_featured_image":false,"_price":"","_stock":"","_tribe_ticket_header":"","_tribe_default_ticket_provider":"","_tribe_ticket_capacity":"0","_ticket_start_date":"","_ticket_end_date":"","_tribe_ticket_show_description":"","_tribe_ticket_show_not_going":false,"_tribe_ticket_use_global_stock":"","_tribe_ticket_global_stock_level":"","_global_stock_mode":"","_global_stock_cap":"","_tribe_rsvp_for_event":"","_tribe_ticket_going_count":"","_tribe_ticket_not_going_count":"","_tribe_tickets_list":[],"_tribe_ticket_has_attendee_info_fields":false,"footnotes":""},"class_list":["post-35655","page","type-page","status-publish","hentry"],"acf":[],"yoast_head":"<!-- This site is optimized with the Yoast SEO plugin v26.3 - https:\/\/yoast.com\/wordpress\/plugins\/seo\/ -->\n<title>Habitaciones y suites - Fontainebleau Miami Beach<\/title>\n<meta name=\"robots\" content=\"index, follow, max-snippet:-1, max-image-preview:large, max-video-preview:-1\" \/>\n<link rel=\"canonical\" href=\"https:\/\/www.fontainebleau.com\/miamibeach\/es\/habitaciones-y-suites\/\" \/>\n<meta property=\"og:locale\" content=\"en_US\" \/>\n<meta property=\"og:type\" content=\"article\" \/>\n<meta property=\"og:title\" content=\"Habitaciones y suites - Fontainebleau Miami Beach\" \/>\n<meta property=\"og:url\" content=\"https:\/\/www.fontainebleau.com\/miamibeach\/es\/habitaciones-y-suites\/\" \/>\n<meta property=\"og:site_name\" content=\"Fontainebleau Miami Beach\" \/>\n<meta property=\"article:publisher\" content=\"https:\/\/www.facebook.com\/pages\/Fontainebleau-Miami-Beach\/78458342904\" \/>\n<meta name=\"twitter:card\" content=\"summary_large_image\" \/>\n<meta name=\"twitter:site\" content=\"@Fontainebleau\" \/>\n<script type=\"application\/ld+json\" class=\"yoast-schema-graph\">{\"@context\":\"https:\/\/schema.org\",\"@graph\":[{\"@type\":\"WebPage\",\"@id\":\"https:\/\/www.fontainebleau.com\/miamibeach\/es\/habitaciones-y-suites\/\",\"url\":\"https:\/\/www.fontainebleau.com\/miamibeach\/es\/habitaciones-y-suites\/\",\"name\":\"Habitaciones y suites - Fontainebleau Miami Beach\",\"isPartOf\":{\"@id\":\"https:\/\/www.fontainebleau.com\/miami\/#website\"},\"datePublished\":\"2026-03-13T19:48:27+00:00\",\"breadcrumb\":{\"@id\":\"https:\/\/www.fontainebleau.com\/miamibeach\/es\/habitaciones-y-suites\/#breadcrumb\"},\"inLanguage\":\"en-US\",\"potentialAction\":[{\"@type\":\"ReadAction\",\"target\":[\"https:\/\/www.fontainebleau.com\/miamibeach\/es\/habitaciones-y-suites\/\"]}]},{\"@type\":\"BreadcrumbList\",\"@id\":\"https:\/\/www.fontainebleau.com\/miamibeach\/es\/habitaciones-y-suites\/#breadcrumb\",\"itemListElement\":[{\"@type\":\"ListItem\",\"position\":1,\"name\":\"Home Page ES\",\"item\":\"https:\/\/www.fontainebleau.com\/miamibeach\/es\/\"},{\"@type\":\"ListItem\",\"position\":2,\"name\":\"Habitaciones y suites\"}]},{\"@type\":\"WebSite\",\"@id\":\"https:\/\/www.fontainebleau.com\/miami\/#website\",\"url\":\"https:\/\/www.fontainebleau.com\/miami\/\",\"name\":\"Fontainebleau Miami Beach\",\"description\":\"\",\"publisher\":{\"@id\":\"https:\/\/www.fontainebleau.com\/miami\/#organization\"},\"potentialAction\":[{\"@type\":\"SearchAction\",\"target\":{\"@type\":\"EntryPoint\",\"urlTemplate\":\"https:\/\/www.fontainebleau.com\/miami\/?s={search_term_string}\"},\"query-input\":{\"@type\":\"PropertyValueSpecification\",\"valueRequired\":true,\"valueName\":\"search_term_string\"}}],\"inLanguage\":\"en-US\"},{\"@type\":\"Organization\",\"@id\":\"https:\/\/www.fontainebleau.com\/miami\/#organization\",\"name\":\"Fontainebleau Miami Beach\",\"url\":\"https:\/\/www.fontainebleau.com\/miami\/\",\"logo\":{\"@type\":\"ImageObject\",\"inLanguage\":\"en-US\",\"@id\":\"https:\/\/www.fontainebleau.com\/miami\/#\/schema\/logo\/image\/\",\"url\":\"https:\/\/www.fontainebleau.com\/uploads\/2024\/01\/fontainebleau-miami-beach-logo-sw.svg\",\"contentUrl\":\"https:\/\/www.fontainebleau.com\/uploads\/2024\/01\/fontainebleau-miami-beach-logo-sw.svg\",\"width\":143,\"height\":47,\"caption\":\"Fontainebleau Miami Beach\"},\"image\":{\"@id\":\"https:\/\/www.fontainebleau.com\/miami\/#\/schema\/logo\/image\/\"},\"sameAs\":[\"https:\/\/www.facebook.com\/pages\/Fontainebleau-Miami-Beach\/78458342904\",\"https:\/\/x.com\/Fontainebleau\",\"https:\/\/www.youtube.com\/fontainebleaumb\",\"https:\/\/www.instagram.com\/fontainebleaumiamibeach\/\",\"https:\/\/www.tiktok.com\/@fontainebleau\"]}]}<\/script>\n<!-- \/ Yoast SEO plugin. -->","yoast_head_json":{"title":"Habitaciones y suites - Fontainebleau Miami Beach","robots":{"index":"index","follow":"follow","max-snippet":"max-snippet:-1","max-image-preview":"max-image-preview:large","max-video-preview":"max-video-preview:-1"},"canonical":"https:\/\/www.fontainebleau.com\/miamibeach\/es\/habitaciones-y-suites\/","og_locale":"en_US","og_type":"article","og_title":"Habitaciones y suites - Fontainebleau Miami Beach","og_url":"https:\/\/www.fontainebleau.com\/miamibeach\/es\/habitaciones-y-suites\/","og_site_name":"Fontainebleau Miami Beach","article_publisher":"https:\/\/www.facebook.com\/pages\/Fontainebleau-Miami-Beach\/78458342904","twitter_card":"summary_large_image","twitter_site":"@Fontainebleau","schema":{"@context":"https:\/\/schema.org","@graph":[{"@type":"WebPage","@id":"https:\/\/www.fontainebleau.com\/miamibeach\/es\/habitaciones-y-suites\/","url":"https:\/\/www.fontainebleau.com\/miamibeach\/es\/habitaciones-y-suites\/","name":"Habitaciones y suites - Fontainebleau Miami Beach","isPartOf":{"@id":"https:\/\/www.fontainebleau.com\/miami\/#website"},"datePublished":"2026-03-13T19:48:27+00:00","breadcrumb":{"@id":"https:\/\/www.fontainebleau.com\/miamibeach\/es\/habitaciones-y-suites\/#breadcrumb"},"inLanguage":"en-US","potentialAction":[{"@type":"ReadAction","target":["https:\/\/www.fontainebleau.com\/miamibeach\/es\/habitaciones-y-suites\/"]}]},{"@type":"BreadcrumbList","@id":"https:\/\/www.fontainebleau.com\/miamibeach\/es\/habitaciones-y-suites\/#breadcrumb","itemListElement":[{"@type":"ListItem","position":1,"name":"Home Page ES","item":"https:\/\/www.fontainebleau.com\/miamibeach\/es\/"},{"@type":"ListItem","position":2,"name":"Habitaciones y suites"}]},{"@type":"WebSite","@id":"https:\/\/www.fontainebleau.com\/miami\/#website","url":"https:\/\/www.fontainebleau.com\/miami\/","name":"Fontainebleau Miami Beach","description":"","publisher":{"@id":"https:\/\/www.fontainebleau.com\/miami\/#organization"},"potentialAction":[{"@type":"SearchAction","target":{"@type":"EntryPoint","urlTemplate":"https:\/\/www.fontainebleau.com\/miami\/?s={search_term_string}"},"query-input":{"@type":"PropertyValueSpecification","valueRequired":true,"valueName":"search_term_string"}}],"inLanguage":"en-US"},{"@type":"Organization","@id":"https:\/\/www.fontainebleau.com\/miami\/#organization","name":"Fontainebleau Miami Beach","url":"https:\/\/www.fontainebleau.com\/miami\/","logo":{"@type":"ImageObject","inLanguage":"en-US","@id":"https:\/\/www.fontainebleau.com\/miami\/#\/schema\/logo\/image\/","url":"https:\/\/www.fontainebleau.com\/uploads\/2024\/01\/fontainebleau-miami-beach-logo-sw.svg","contentUrl":"https:\/\/www.fontainebleau.com\/uploads\/2024\/01\/fontainebleau-miami-beach-logo-sw.svg","width":143,"height":47,"caption":"Fontainebleau Miami Beach"},"image":{"@id":"https:\/\/www.fontainebleau.com\/miami\/#\/schema\/logo\/image\/"},"sameAs":["https:\/\/www.facebook.com\/pages\/Fontainebleau-Miami-Beach\/78458342904","https:\/\/x.com\/Fontainebleau","https:\/\/www.youtube.com\/fontainebleaumb","https:\/\/www.instagram.com\/fontainebleaumiamibeach\/","https:\/\/www.tiktok.com\/@fontainebleau"]}]}},"ticketed":false,"_links":{"self":[{"href":"https:\/\/www.fontainebleau.com\/miamibeach\/wp-json\/wp\/v2\/pages\/35655","targetHints":{"allow":["GET"]}}],"collection":[{"href":"https:\/\/www.fontainebleau.com\/miamibeach\/wp-json\/wp\/v2\/pages"}],"about":[{"href":"https:\/\/www.fontainebleau.com\/miamibeach\/wp-json\/wp\/v2\/types\/page"}],"author":[{"embeddable":true,"href":"https:\/\/www.fontainebleau.com\/miamibeach\/wp-json\/wp\/v2\/users\/83"}],"replies":[{"embeddable":true,"href":"https:\/\/www.fontainebleau.com\/miamibeach\/wp-json\/wp\/v2\/comments?post=35655"}],"version-history":[{"count":1,"href":"https:\/\/www.fontainebleau.com\/miamibeach\/wp-json\/wp\/v2\/pages\/35655\/revisions"}],"predecessor-version":[{"id":35658,"href":"https:\/\/www.fontainebleau.com\/miamibeach\/wp-json\/wp\/v2\/pages\/35655\/revisions\/35658"}],"up":[{"embeddable":true,"href":"https:\/\/www.fontainebleau.com\/miamibeach\/wp-json\/wp\/v2\/pages\/35400"}],"wp:attachment":[{"href":"https:\/\/www.fontainebleau.com\/miamibeach\/wp-json\/wp\/v2\/media?parent=35655"}],"curies":[{"name":"wp","href":"https:\/\/api.w.org\/{rel}","templated":true}]}}